{"id":1351,"date":"2024-12-11T07:39:27","date_gmt":"2024-12-11T07:39:27","guid":{"rendered":"https:\/\/klbtheme.com\/fynode\/?page_id=1351"},"modified":"2025-12-26T17:34:07","modified_gmt":"2025-12-26T17:34:07","slug":"vision","status":"publish","type":"page","link":"https:\/\/privacy-pieces.com\/en\/vision\/","title":{"rendered":"Vision"},"content":{"rendered":"<div data-elementor-type=\"wp-page\" data-elementor-id=\"1351\" class=\"elementor elementor-1351\">\n\t\t\t\t<div class=\"elementor-element elementor-element-29f5bd3 e-con-full e-flex e-con e-parent\" data-id=\"29f5bd3\" data-element_type=\"container\" data-e-type=\"container\">\n\t\t\t\t<div class=\"elementor-element elementor-element-0f9079b elementor-widget elementor-widget-fynode-page-banner\" data-id=\"0f9079b\" data-element_type=\"widget\" data-e-type=\"widget\" data-widget_type=\"fynode-page-banner.default\">\n\t\t\t\t<div class=\"elementor-widget-container\">\n\t\t\t\t\t<div class=\"site-page-header klb-page-banner style-1\"><div class=\"container\"><div class=\"site-page-header-inner\"><h1 class=\"entry-title\">Back to basics<\/h1><div class=\"entry-description\"><p>We're bringing phone calls back to their roots\u2014clear, simple, and without distractions.<\/p><\/div><!-- New Arrival --><\/div><!-- site-page-header-inner --><\/div><!-- container --><\/div><!-- site-page-header -->\t\t\t\t<\/div>\n\t\t\t\t<\/div>\n\t\t\t\t<\/div>\n\t\t<div class=\"elementor-element elementor-element-a6d6022 e-flex e-con-boxed e-con e-parent\" data-id=\"a6d6022\" data-element_type=\"container\" data-e-type=\"container\">\n\t\t\t\t\t<div class=\"e-con-inner\">\n\t\t<div class=\"elementor-element elementor-element-105b78e e-con-full e-flex e-con e-child\" data-id=\"105b78e\" data-element_type=\"container\" data-e-type=\"container\">\n\t\t\t\t<div class=\"elementor-element elementor-element-5364ce6 elementor-widget elementor-widget-heading\" data-id=\"5364ce6\" data-element_type=\"widget\" data-e-type=\"widget\" data-widget_type=\"heading.default\">\n\t\t\t\t\t<p class=\"elementor-heading-title elementor-size-default\">Our devices represent a new simplicity in everyday life. Instead of constant sensory overload, you can once again enjoy undisturbed conversations where you are fully present in the moment. No constant flashing, buzzing, or beeping\u2014just genuine connections between people. Our phones bring conversation back to the forefront and give you the peace and quiet that is often lost in everyday digital life.<\/p>\t\t\t\t<\/div>\n\t\t\t\t<\/div>\n\t\t\t\t\t<\/div>\n\t\t\t\t<\/div>\n\t\t<div class=\"elementor-element elementor-element-69b7919 e-flex e-con-boxed e-con e-parent\" data-id=\"69b7919\" data-element_type=\"container\" data-e-type=\"container\">\n\t\t\t\t\t<div class=\"e-con-inner\">\n\t\t<div class=\"elementor-element elementor-element-d32ad34 e-con-full e-flex e-con e-child\" data-id=\"d32ad34\" data-element_type=\"container\" data-e-type=\"container\">\n\t\t\t\t<div class=\"elementor-element elementor-element-3970498 elementor-widget elementor-widget-heading\" data-id=\"3970498\" data-element_type=\"widget\" data-e-type=\"widget\" data-widget_type=\"heading.default\">\n\t\t\t\t\t<h2 class=\"elementor-heading-title elementor-size-default\">Back to the roots \u2013 with a modern twist.<\/h2>\t\t\t\t<\/div>\n\t\t\t\t<\/div>\n\t\t\t\t\t<\/div>\n\t\t\t\t<\/div>\n\t\t<div class=\"elementor-element elementor-element-2cbda94 e-flex e-con-boxed e-con e-parent\" data-id=\"2cbda94\" data-element_type=\"container\" data-e-type=\"container\">\n\t\t\t\t\t<div class=\"e-con-inner\">\n\t\t<div class=\"elementor-element elementor-element-9761366 e-con-full e-flex e-con e-child\" data-id=\"9761366\" data-element_type=\"container\" data-e-type=\"container\">\n\t\t\t\t<div class=\"elementor-element elementor-element-c7847db elementor-widget elementor-widget-heading\" data-id=\"c7847db\" data-element_type=\"widget\" data-e-type=\"widget\" data-widget_type=\"heading.default\">\n\t\t\t\t\t<p class=\"elementor-heading-title elementor-size-default\">We love technology that supports rather than overwhelms. Phones that are reliable, durable, and focus on what matters. We deliberately choose devices that are clearly structured, intuitive to use, and make everyday life easier\u2014without compromising on comfort.\n\nFor us, true innovation doesn't mean more and more features, but better and more thoughtful ones. Every detail is designed to make the user experience as pleasant as possible: from clear sound and ergonomic design to long battery life. The result is a phone that doesn't distract you, but accompanies you.<\/p>\t\t\t\t<\/div>\n\t\t\t\t<\/div>\n\t\t\t\t\t<\/div>\n\t\t\t\t<\/div>\n\t\t<div class=\"elementor-element elementor-element-93bcb54 e-flex e-con-boxed e-con e-parent\" data-id=\"93bcb54\" data-element_type=\"container\" data-e-type=\"container\">\n\t\t\t\t\t<div class=\"e-con-inner\">\n\t\t<div class=\"elementor-element elementor-element-0afd978 e-con-full e-flex e-con e-child\" data-id=\"0afd978\" data-element_type=\"container\" data-e-type=\"container\" data-settings=\"{&quot;background_background&quot;:&quot;classic&quot;}\">\n\t\t\t\t<\/div>\n\t\t<div class=\"elementor-element elementor-element-94c8b81 e-con-full e-flex e-con e-child\" data-id=\"94c8b81\" data-element_type=\"container\" data-e-type=\"container\">\n\t\t\t\t<div class=\"elementor-element elementor-element-aee426e elementor-widget elementor-widget-text-editor\" data-id=\"aee426e\" data-element_type=\"widget\" data-e-type=\"widget\" data-widget_type=\"text-editor.default\">\n\t\t\t\t\t\t\t\t\t<h2 data-start=\"1507\" data-end=\"1836\"><strong data-start=\"1507\" data-end=\"1567\">No endless apps, no constant notifications.<\/strong><\/h2>\n<p data-start=\"1507\" data-end=\"1836\"><br data-start=\"1567\" data-end=\"1570\" \/>Just what a phone is made for: connecting, talking, being understood. In a world where everything is getting faster and faster, we create conscious moments of deceleration. Conversations that have meaning again. Technology that doesn't dominate, but serves.<\/p>\n<p data-start=\"1838\" data-end=\"2154\">Our selection combines classic operation with modern technology\u2014for anyone who values functionality, durability, and style. Whether at home, in the office, or on the go, our phones fit seamlessly into your everyday life, remaining reliable and consistent even when everything else is fast-paced.<\/p>\n\n<h2 data-start=\"2156\" data-end=\"2432\"><strong data-start=\"2156\" data-end=\"2199\">Personalized advice &amp; fair service.<\/strong><\/h2>\n<p data-start=\"2156\" data-end=\"2432\"><br data-start=\"2199\" data-end=\"2202\" \/>We take the time to listen to your wishes and needs. Because every conversation is different\u2014and every phone should suit its user. From selection to setup to use, we are there to assist you personally.<\/p>\n<p data-start=\"2156\" data-end=\"2432\">More peace. More focus. More real life.<br data-start=\"2475\" data-end=\"2478\" \/>Back to basics \u2013 Because good conversations never go out of style.<\/p>\t\t\t\t\t\t\t\t<\/div>\n\t\t\t\t<\/div>\n\t\t\t\t\t<\/div>\n\t\t\t\t<\/div>\n\t\t\t\t<\/div>","protected":false},"excerpt":{"rendered":"<p>Zur\u00fcck zum Wesentlichen Wir bringen das Telefonieren zur\u00fcck zu seinen Wurzeln \u2013 klar, einfach und ohne Ablenkung. Unsere Ger\u00e4te stehen f\u00fcr eine neue Einfachheit im Alltag. Statt st\u00e4ndiger Reiz\u00fcberflutung genie\u00dfen Sie wieder ungest\u00f6rte Gespr\u00e4che, bei denen Sie ganz im Moment sind. Kein st\u00e4ndiges Blinken, Summen oder Piepen \u2013 nur echte Verbindungen zwischen Menschen. Unsere Telefone<\/p>\n<div class=\"klb-readmore post-buttons\"><a class=\"btn btn-black btn-rounded\" href=\"https:\/\/privacy-pieces.com\/en\/vision\/\">Read More <i class=\"klbth-icon-right-arrow\"><\/i><\/a><\/div>","protected":false},"author":4,"featured_media":0,"parent":0,"menu_order":0,"comment_status":"closed","ping_status":"closed","template":"","meta":{"footnotes":""},"class_list":["post-1351","page","type-page","status-publish","hentry"],"_links":{"self":[{"href":"https:\/\/privacy-pieces.com\/en\/wp-json\/wp\/v2\/pages\/1351","targetHints":{"allow":["GET"]}}],"collection":[{"href":"https:\/\/privacy-pieces.com\/en\/wp-json\/wp\/v2\/pages"}],"about":[{"href":"https:\/\/privacy-pieces.com\/en\/wp-json\/wp\/v2\/types\/page"}],"author":[{"embeddable":true,"href":"https:\/\/privacy-pieces.com\/en\/wp-json\/wp\/v2\/users\/4"}],"replies":[{"embeddable":true,"href":"https:\/\/privacy-pieces.com\/en\/wp-json\/wp\/v2\/comments?post=1351"}],"version-history":[{"count":33,"href":"https:\/\/privacy-pieces.com\/en\/wp-json\/wp\/v2\/pages\/1351\/revisions"}],"predecessor-version":[{"id":2975,"href":"https:\/\/privacy-pieces.com\/en\/wp-json\/wp\/v2\/pages\/1351\/revisions\/2975"}],"wp:attachment":[{"href":"https:\/\/privacy-pieces.com\/en\/wp-json\/wp\/v2\/media?parent=1351"}],"curies":[{"name":"wp","href":"https:\/\/api.w.org\/{rel}","templated":true}]}}