{"id":2396,"date":"2025-11-19T12:50:43","date_gmt":"2025-11-19T12:50:43","guid":{"rendered":"https:\/\/privacy-pieces.com\/?page_id=2396"},"modified":"2026-01-09T11:36:38","modified_gmt":"2026-01-09T11:36:38","slug":"versand-und-zahlung","status":"publish","type":"page","link":"https:\/\/privacy-pieces.com\/en\/versand-und-zahlung\/","title":{"rendered":"Shipping and payment"},"content":{"rendered":"<h1>Shipping and payment<\/h1>\n<p><!-- New Arrival --><!-- site-page-header-inner --><!-- container --><!-- site-page-header --><\/p>\n<p>Wir versenden unsere Produkte als P\u00e4ckchen oder als versichertes Paket \u00fcber DHL\/ Deutsche Post.<\/p>\n<h2>Versanddauer<\/h2>\n<p>Wir versenden Deine Bestellung nach M\u00f6glichkeit innerhalb von 1 Werktag.<br \/>\nAusnahmen bilden Artikel, die extra bestellt oder angefertigt werden m\u00fcssen.<br \/>\nEin solcher Artikel wird in der Produktbeschreibung entsprechend gekennzeichnet oder wir informieren Dich per E-Mail dar\u00fcber.<br \/>\nInnerhalb Deutschlands betr\u00e4gt die Lieferzeit bis zu 5 Werktage, erfahrungsgem\u00e4\u00df erh\u00e4ltst Du Deine Bestellung jedoch meist innerhalb von 1\u20133 Tagen.<br \/>\nInternational kann die Lieferzeit bis zu 10 Werktage betragen. Expresslieferungen sind auf Anfrage m\u00f6glich.<\/p>\n<h2>Shipping costs<\/h2>\n<p>Wir versenden ab einem Bestellwert von 200,- \u20ac versandkostenfrei innerhalb der EU.<br \/>\nUnter diesem Betrag berechnen wir eine Versandpauschale von 7,50 \u20ac pro Bestellung.<\/p>\n<h2>Versand<\/h2>\n<p>Bei Lieferungen in Nicht-EU-L\u00e4nder sowie bei Expresslieferungen k\u00f6nnen zus\u00e4tzliche Versandkosten Z\u00f6lle, Steuern und Geb\u00fchren anfallen. Bitte informieren Sie sich vorab bei den zust\u00e4ndigen Beh\u00f6rden Ihres Landes.<\/p>\n<h2>Zahlungsarten<\/h2>\n<p>Wir bieten folgende Zahlungsm\u00f6glichkeiten an:<\/p>\n<ul>\n<li>Vorkasse (Bank\u00fcberweisung)<\/li>\n<li>PayPal<\/li>\n<li>SOFORT \u00dcberweisung via Klarna<\/li>\n<li>Kreditkarte oder Debitkarte<\/li>\n<li>Klarna<\/li>\n<li>Apple Pay und Google Pay<\/li>\n<\/ul>\n<p>Bei Fragen zu unseren Zahlungsarten stehen wir gerne zur Verf\u00fcgung.<\/p>","protected":false},"excerpt":{"rendered":"<p>Versand und Zahlung Wir versenden unsere Produkte als P\u00e4ckchen oder als versichertes Paket \u00fcber DHL\/ Deutsche Post. Versanddauer Wir versenden Deine Bestellung nach M\u00f6glichkeit innerhalb von 1 Werktag. Ausnahmen bilden Artikel, die extra bestellt oder angefertigt werden m\u00fcssen. Ein solcher Artikel wird in der Produktbeschreibung entsprechend gekennzeichnet oder wir informieren Dich per E-Mail dar\u00fcber. Innerhalb<\/p>\n<div class=\"klb-readmore post-buttons\"><a class=\"btn btn-black btn-rounded\" href=\"https:\/\/privacy-pieces.com\/en\/versand-und-zahlung\/\">Read More <i class=\"klbth-icon-right-arrow\"><\/i><\/a><\/div>","protected":false},"author":4,"featured_media":0,"parent":0,"menu_order":0,"comment_status":"closed","ping_status":"closed","template":"","meta":{"footnotes":""},"class_list":["post-2396","page","type-page","status-publish","hentry"],"_links":{"self":[{"href":"https:\/\/privacy-pieces.com\/en\/wp-json\/wp\/v2\/pages\/2396","targetHints":{"allow":["GET"]}}],"collection":[{"href":"https:\/\/privacy-pieces.com\/en\/wp-json\/wp\/v2\/pages"}],"about":[{"href":"https:\/\/privacy-pieces.com\/en\/wp-json\/wp\/v2\/types\/page"}],"author":[{"embeddable":true,"href":"https:\/\/privacy-pieces.com\/en\/wp-json\/wp\/v2\/users\/4"}],"replies":[{"embeddable":true,"href":"https:\/\/privacy-pieces.com\/en\/wp-json\/wp\/v2\/comments?post=2396"}],"version-history":[{"count":20,"href":"https:\/\/privacy-pieces.com\/en\/wp-json\/wp\/v2\/pages\/2396\/revisions"}],"predecessor-version":[{"id":3176,"href":"https:\/\/privacy-pieces.com\/en\/wp-json\/wp\/v2\/pages\/2396\/revisions\/3176"}],"wp:attachment":[{"href":"https:\/\/privacy-pieces.com\/en\/wp-json\/wp\/v2\/media?parent=2396"}],"curies":[{"name":"wp","href":"https:\/\/api.w.org\/{rel}","templated":true}]}}