{"id":2401,"date":"2025-11-19T12:54:36","date_gmt":"2025-11-19T12:54:36","guid":{"rendered":"https:\/\/privacy-pieces.com\/?page_id=2401"},"modified":"2025-12-24T14:53:42","modified_gmt":"2025-12-24T14:53:42","slug":"rueckerstattungen-und-rueckgaben","status":"publish","type":"page","link":"https:\/\/privacy-pieces.com\/en\/rueckerstattungen-und-rueckgaben\/","title":{"rendered":"Refunds and returns"},"content":{"rendered":"<div data-elementor-type=\"wp-page\" data-elementor-id=\"2401\" class=\"elementor elementor-2401\">\n\t\t\t\t<div class=\"elementor-element elementor-element-29f5bd3 e-con-full e-flex e-con e-parent\" data-id=\"29f5bd3\" data-element_type=\"container\" data-e-type=\"container\">\n\t\t\t\t<div class=\"elementor-element elementor-element-0f9079b elementor-widget elementor-widget-fynode-page-banner\" data-id=\"0f9079b\" data-element_type=\"widget\" data-e-type=\"widget\" data-widget_type=\"fynode-page-banner.default\">\n\t\t\t\t<div class=\"elementor-widget-container\">\n\t\t\t\t\t<div class=\"site-page-header klb-page-banner style-1\"><div class=\"container\"><div class=\"site-page-header-inner\"><h1 class=\"entry-title\">Refunds and returns<\/h1><div class=\"entry-description\"><p>Wir bringen das Telefonieren zur\u00fcck zu seinen Wurzeln<\/p><\/div><!-- New Arrival --><\/div><!-- site-page-header-inner --><\/div><!-- container --><\/div><!-- site-page-header -->\t\t\t\t<\/div>\n\t\t\t\t<\/div>\n\t\t\t\t<\/div>\n\t\t<div class=\"elementor-element elementor-element-a6d6022 e-flex e-con-boxed e-con e-parent\" data-id=\"a6d6022\" data-element_type=\"container\" data-e-type=\"container\">\n\t\t\t\t\t<div class=\"e-con-inner\">\n\t\t<div class=\"elementor-element elementor-element-105b78e e-con-full e-flex e-con e-child\" data-id=\"105b78e\" data-element_type=\"container\" data-e-type=\"container\">\n\t\t\t\t<div class=\"elementor-element elementor-element-5364ce6 elementor-widget elementor-widget-heading\" data-id=\"5364ce6\" data-element_type=\"widget\" data-e-type=\"widget\" data-widget_type=\"heading.default\">\n\t\t\t\t\t<p class=\"elementor-heading-title elementor-size-default\">Unsere R\u00fcckerstattungs- und R\u00fcckgaberegelung gilt f\u00fcr 30 Tage. Wenn seit Deinem Kauf 30 Tage vergangen sind, k\u00f6nnen wir Ihnen keine vollst\u00e4ndige R\u00fcckerstattung oder einen Umtausch anbieten.\n\nUm f\u00fcr eine R\u00fcckgabe berechtigt zu sein, muss Dein Artikel unbenutzt und in demselben Zustand sein, in dem Du ihn erhalten haben. Er muss sich au\u00dferdem in der Originalverpackung befinden.\n\nMehrere Arten von Waren sind von der R\u00fcckgabe ausgeschlossen. Verderbliche Waren wie Lebensmittel, Blumen, Zeitungen oder Zeitschriften k\u00f6nnen nicht zur\u00fcckgegeben werden. Wir akzeptieren auch keine Produkte, die intime oder hygienische Artikel, gef\u00e4hrliche Materialien oder entflammbare Fl\u00fcssigkeiten oder Gase sind.<\/p>\t\t\t\t<\/div>\n\t\t\t\t<\/div>\n\t\t\t\t\t<\/div>\n\t\t\t\t<\/div>\n\t\t<div class=\"elementor-element elementor-element-2cbda94 e-flex e-con-boxed e-con e-parent\" data-id=\"2cbda94\" data-element_type=\"container\" data-e-type=\"container\">\n\t\t\t\t\t<div class=\"e-con-inner\">\n\t\t<div class=\"elementor-element elementor-element-9761366 e-con-full e-flex e-con e-child\" data-id=\"9761366\" data-element_type=\"container\" data-e-type=\"container\">\n\t\t\t\t<div class=\"elementor-element elementor-element-8f4e664 elementor-widget elementor-widget-heading\" data-id=\"8f4e664\" data-element_type=\"widget\" data-e-type=\"widget\" data-widget_type=\"heading.default\">\n\t\t\t\t\t<h2 class=\"elementor-heading-title elementor-size-default\">Zus\u00e4tzliche nicht r\u00fcckgabef\u00e4hige Artikel:<\/h2>\t\t\t\t<\/div>\n\t\t\t\t<div class=\"elementor-element elementor-element-1d9ecb8 elementor-widget elementor-widget-text-editor\" data-id=\"1d9ecb8\" data-element_type=\"widget\" data-e-type=\"widget\" data-widget_type=\"text-editor.default\">\n\t\t\t\t\t\t\t\t\t<ul><li data-start=\"881\" data-end=\"897\">Geschenkkarten<\/li><li data-start=\"900\" data-end=\"934\">Herunterladbare Softwareprodukte<\/li><li data-start=\"937\" data-end=\"982\">Einige Gesundheits- und K\u00f6rperpflegeartikel<\/li><\/ul><p>F\u00fcr die Durchf\u00fchrung Deiner R\u00fcckgabe ben\u00f6tigen wir eine Quittung oder einen Kaufnachweis.<\/p>\t\t\t\t\t\t\t\t<\/div>\n\t\t\t\t<div class=\"elementor-element elementor-element-9f78451 elementor-widget elementor-widget-heading\" data-id=\"9f78451\" data-element_type=\"widget\" data-e-type=\"widget\" data-widget_type=\"heading.default\">\n\t\t\t\t\t<h2 class=\"elementor-heading-title elementor-size-default\">Bitte sende Deinen Kauf nicht an den Hersteller zur\u00fcck.<\/h2>\t\t\t\t<\/div>\n\t\t\t\t<div class=\"elementor-element elementor-element-d125228 elementor-widget elementor-widget-text-editor\" data-id=\"d125228\" data-element_type=\"widget\" data-e-type=\"widget\" data-widget_type=\"text-editor.default\">\n\t\t\t\t\t\t\t\t\t<ul><li data-start=\"1225\" data-end=\"1270\">B\u00fccher mit offensichtlichen Gebrauchsspuren<\/li><li data-start=\"1273\" data-end=\"1371\">CD, DVD, VHS-Kassette, Software, Videospiel, Audiokassette oder Schallplatte, die ge\u00f6ffnet wurde<\/li><li data-start=\"1374\" data-end=\"1521\">Jeder Artikel, der sich nicht im Originalzustand befindet, besch\u00e4digt ist oder Teile fehlen, ohne dass dies auf unseren Fehler zur\u00fcckzuf\u00fchren ist<\/li><li data-start=\"1524\" data-end=\"1595\">Jeder Artikel, der mehr als 30 Tage nach Lieferung zur\u00fcckgegeben wird<\/li><\/ul>\t\t\t\t\t\t\t\t<\/div>\n\t\t\t\t<div class=\"elementor-element elementor-element-eab17b7 elementor-widget elementor-widget-heading\" data-id=\"eab17b7\" data-element_type=\"widget\" data-e-type=\"widget\" data-widget_type=\"heading.default\">\n\t\t\t\t\t<h2 class=\"elementor-heading-title elementor-size-default\">R\u00fcckerstattungen<\/h2>\t\t\t\t<\/div>\n\t\t\t\t<div class=\"elementor-element elementor-element-4035536 elementor-widget elementor-widget-text-editor\" data-id=\"4035536\" data-element_type=\"widget\" data-e-type=\"widget\" data-widget_type=\"text-editor.default\">\n\t\t\t\t\t\t\t\t\t<p data-start=\"1597\" data-end=\"1875\">Sobald Deine R\u00fcckgabe eingegangen und gepr\u00fcft wurde, senden wir Dir eine E-Mail, um Dich dar\u00fcber zu informieren, dass wir Ihren zur\u00fcckgesandten Artikel erhalten haben. Wir informieren Dich ebenfalls \u00fcber die Genehmigung oder Ablehnung Deiner R\u00fcckerstattung.<\/p><p data-start=\"1877\" data-end=\"2074\">Wenn Deine R\u00fcckerstattung genehmigt wurde, wird sie bearbeitet und innerhalb einer bestimmten Anzahl von Tagen automatisch Deiner Kreditkarte oder der urspr\u00fcnglichen Zahlungsmethode gutgeschrieben.<\/p>\t\t\t\t\t\t\t\t<\/div>\n\t\t\t\t<div class=\"elementor-element elementor-element-1a58cd5 elementor-widget elementor-widget-heading\" data-id=\"1a58cd5\" data-element_type=\"widget\" data-e-type=\"widget\" data-widget_type=\"heading.default\">\n\t\t\t\t\t<h2 class=\"elementor-heading-title elementor-size-default\">Versp\u00e4tete oder fehlende R\u00fcckerstattungen<\/h2>\t\t\t\t<\/div>\n\t\t\t\t<div class=\"elementor-element elementor-element-853457b elementor-widget elementor-widget-text-editor\" data-id=\"853457b\" data-element_type=\"widget\" data-e-type=\"widget\" data-widget_type=\"text-editor.default\">\n\t\t\t\t\t\t\t\t\t<p data-start=\"2076\" data-end=\"2220\">Wenn Du noch keine R\u00fcckerstattung erhalten hast, \u00fcberpr\u00fcfe zun\u00e4chst erneut Dein Bankkonto.<\/p><p data-start=\"2222\" data-end=\"2349\">Kontaktiere dann Dein Kreditkartenunternehmen; es kann einige Zeit dauern, bis Deine R\u00fcckerstattung offiziell verbucht wird.<\/p><p data-start=\"2351\" data-end=\"2467\">Kontaktiere anschlie\u00dfend Deine Bank. Oft gibt es eine Bearbeitungszeit, bevor eine R\u00fcckerstattung verbucht wird.<\/p>\t\t\t\t\t\t\t\t<\/div>\n\t\t\t\t<div class=\"elementor-element elementor-element-22daaf9 elementor-widget elementor-widget-heading\" data-id=\"22daaf9\" data-element_type=\"widget\" data-e-type=\"widget\" data-widget_type=\"heading.default\">\n\t\t\t\t\t<h2 class=\"elementor-heading-title elementor-size-default\">Artikel im Angebot<\/h2>\t\t\t\t<\/div>\n\t\t\t\t<div class=\"elementor-element elementor-element-f6ba776 elementor-widget elementor-widget-text-editor\" data-id=\"f6ba776\" data-element_type=\"widget\" data-e-type=\"widget\" data-widget_type=\"text-editor.default\">\n\t\t\t\t\t\t\t\t\t<p data-start=\"2076\" data-end=\"2220\">Nur regul\u00e4r bepreiste Artikel k\u00f6nnen erstattet werden. Artikel im Angebot sind von der R\u00fcckerstattung ausgeschlossen.<\/p>\t\t\t\t\t\t\t\t<\/div>\n\t\t\t\t<div class=\"elementor-element elementor-element-4b7f47f elementor-widget elementor-widget-heading\" data-id=\"4b7f47f\" data-element_type=\"widget\" data-e-type=\"widget\" data-widget_type=\"heading.default\">\n\t\t\t\t\t<h2 class=\"elementor-heading-title elementor-size-default\">Geschenke<\/h2>\t\t\t\t<\/div>\n\t\t\t\t<div class=\"elementor-element elementor-element-f59acfe elementor-widget elementor-widget-text-editor\" data-id=\"f59acfe\" data-element_type=\"widget\" data-e-type=\"widget\" data-widget_type=\"text-editor.default\">\n\t\t\t\t\t\t\t\t\t<p data-start=\"2992\" data-end=\"3253\">Wenn der Artikel beim Kauf als Geschenk markiert wurde und direkt an Dich versendet wurde, erh\u00e4ltst Du eine Gutschrift \u00fcber den Wert Deiner R\u00fcckgabe. Sobald der zur\u00fcckgesandte Artikel eingegangen ist, wird Dir ein Geschenkgutschein zugeschickt.<\/p><p data-start=\"3255\" data-end=\"3511\">Wenn der Artikel beim Kauf nicht als Geschenk markiert wurde oder der Schenkende die Bestellung an sich selbst hat senden lassen, um sie Dir sp\u00e4ter zu geben, werden wir dem Schenkenden eine R\u00fcckerstattung senden und er wird \u00fcber Deine R\u00fcckgabe informiert.<\/p>\t\t\t\t\t\t\t\t<\/div>\n\t\t\t\t<\/div>\n\t\t\t\t\t<\/div>\n\t\t\t\t<\/div>\n\t\t\t\t<\/div>","protected":false},"excerpt":{"rendered":"<p>R\u00fcckerstattungen und R\u00fcckgaben Wir bringen das Telefonieren zur\u00fcck zu seinen Wurzeln Unsere R\u00fcckerstattungs- und R\u00fcckgaberegelung gilt f\u00fcr 30 Tage. Wenn seit Deinem Kauf 30 Tage vergangen sind, k\u00f6nnen wir Ihnen keine vollst\u00e4ndige R\u00fcckerstattung oder einen Umtausch anbieten. Um f\u00fcr eine R\u00fcckgabe berechtigt zu sein, muss Dein Artikel unbenutzt und in demselben Zustand sein, in dem<\/p>\n<div class=\"klb-readmore post-buttons\"><a class=\"btn btn-black btn-rounded\" href=\"https:\/\/privacy-pieces.com\/en\/rueckerstattungen-und-rueckgaben\/\">Read More <i class=\"klbth-icon-right-arrow\"><\/i><\/a><\/div>","protected":false},"author":4,"featured_media":0,"parent":0,"menu_order":0,"comment_status":"closed","ping_status":"closed","template":"","meta":{"footnotes":""},"class_list":["post-2401","page","type-page","status-publish","hentry"],"_links":{"self":[{"href":"https:\/\/privacy-pieces.com\/en\/wp-json\/wp\/v2\/pages\/2401","targetHints":{"allow":["GET"]}}],"collection":[{"href":"https:\/\/privacy-pieces.com\/en\/wp-json\/wp\/v2\/pages"}],"about":[{"href":"https:\/\/privacy-pieces.com\/en\/wp-json\/wp\/v2\/types\/page"}],"author":[{"embeddable":true,"href":"https:\/\/privacy-pieces.com\/en\/wp-json\/wp\/v2\/users\/4"}],"replies":[{"embeddable":true,"href":"https:\/\/privacy-pieces.com\/en\/wp-json\/wp\/v2\/comments?post=2401"}],"version-history":[{"count":16,"href":"https:\/\/privacy-pieces.com\/en\/wp-json\/wp\/v2\/pages\/2401\/revisions"}],"predecessor-version":[{"id":2900,"href":"https:\/\/privacy-pieces.com\/en\/wp-json\/wp\/v2\/pages\/2401\/revisions\/2900"}],"wp:attachment":[{"href":"https:\/\/privacy-pieces.com\/en\/wp-json\/wp\/v2\/media?parent=2401"}],"curies":[{"name":"wp","href":"https:\/\/api.w.org\/{rel}","templated":true}]}}