{"id":2406,"date":"2025-11-19T12:58:55","date_gmt":"2025-11-19T12:58:55","guid":{"rendered":"https:\/\/privacy-pieces.com\/?page_id=2406"},"modified":"2025-12-24T20:31:41","modified_gmt":"2025-12-24T20:31:41","slug":"widerrufsrecht","status":"publish","type":"page","link":"https:\/\/privacy-pieces.com\/en\/widerrufsrecht\/","title":{"rendered":"Right of withdrawal"},"content":{"rendered":"<div data-elementor-type=\"wp-page\" data-elementor-id=\"2406\" class=\"elementor elementor-2406\">\n\t\t\t\t<div class=\"elementor-element elementor-element-29f5bd3 e-con-full e-flex e-con e-parent\" data-id=\"29f5bd3\" data-element_type=\"container\" data-e-type=\"container\">\n\t\t\t\t<div class=\"elementor-element elementor-element-0f9079b elementor-widget elementor-widget-fynode-page-banner\" data-id=\"0f9079b\" data-element_type=\"widget\" data-e-type=\"widget\" data-widget_type=\"fynode-page-banner.default\">\n\t\t\t\t<div class=\"elementor-widget-container\">\n\t\t\t\t\t<div class=\"site-page-header klb-page-banner style-1\"><div class=\"container\"><div class=\"site-page-header-inner\"><h1 class=\"entry-title\">Right of withdrawal<\/h1><div class=\"entry-description\"><p>Wir bringen das Telefonieren zur\u00fcck zu seinen Wurzeln<\/p><\/div><!-- New Arrival --><\/div><!-- site-page-header-inner --><\/div><!-- container --><\/div><!-- site-page-header -->\t\t\t\t<\/div>\n\t\t\t\t<\/div>\n\t\t\t\t<\/div>\n\t\t<div class=\"elementor-element elementor-element-a6d6022 e-flex e-con-boxed e-con e-parent\" data-id=\"a6d6022\" data-element_type=\"container\" data-e-type=\"container\">\n\t\t\t\t\t<div class=\"e-con-inner\">\n\t\t<div class=\"elementor-element elementor-element-105b78e e-con-full e-flex e-con e-child\" data-id=\"105b78e\" data-element_type=\"container\" data-e-type=\"container\">\n\t\t\t\t<\/div>\n\t\t\t\t\t<\/div>\n\t\t\t\t<\/div>\n\t\t<div class=\"elementor-element elementor-element-2cbda94 e-flex e-con-boxed e-con e-parent\" data-id=\"2cbda94\" data-element_type=\"container\" data-e-type=\"container\">\n\t\t\t\t\t<div class=\"e-con-inner\">\n\t\t<div class=\"elementor-element elementor-element-9761366 e-con-full e-flex e-con e-child\" data-id=\"9761366\" data-element_type=\"container\" data-e-type=\"container\">\n\t\t\t\t<div class=\"elementor-element elementor-element-8f4e664 elementor-widget elementor-widget-heading\" data-id=\"8f4e664\" data-element_type=\"widget\" data-e-type=\"widget\" data-widget_type=\"heading.default\">\n\t\t\t\t\t<h2 class=\"elementor-heading-title elementor-size-default\">Widerrufsbelehrung &amp; Widerrufsformular<\/h2>\t\t\t\t<\/div>\n\t\t\t\t<div class=\"elementor-element elementor-element-1d9ecb8 elementor-widget elementor-widget-text-editor\" data-id=\"1d9ecb8\" data-element_type=\"widget\" data-e-type=\"widget\" data-widget_type=\"text-editor.default\">\n\t\t\t\t\t\t\t\t\t<p>Verbrauchern steht ein Widerrufsrecht nach folgender Ma\u00dfgabe zu, wobei Verbraucher jede nat\u00fcrliche Person ist, die ein Rechtsgesch\u00e4ft zu Zwecken abschlie\u00dft, die \u00fcberwiegend weder ihrer gewerblichen noch ihrer selbst\u00e4ndigen beruflichen T\u00e4tigkeit zugerechnet werden k\u00f6nnen:<\/p>\t\t\t\t\t\t\t\t<\/div>\n\t\t\t\t<div class=\"elementor-element elementor-element-9f78451 elementor-widget elementor-widget-heading\" data-id=\"9f78451\" data-element_type=\"widget\" data-e-type=\"widget\" data-widget_type=\"heading.default\">\n\t\t\t\t\t<h2 class=\"elementor-heading-title elementor-size-default\">Right of withdrawal<\/h2>\t\t\t\t<\/div>\n\t\t\t\t<div class=\"elementor-element elementor-element-d125228 elementor-widget elementor-widget-text-editor\" data-id=\"d125228\" data-element_type=\"widget\" data-e-type=\"widget\" data-widget_type=\"text-editor.default\">\n\t\t\t\t\t\t\t\t\t<p>Sie haben das Recht, binnen 30 Tagen ohne Angabe von Gr\u00fcnden diesen Vertrag zu widerrufen.<br \/>Die Widerrufsfrist betr\u00e4gt 30 Tage ab dem Tag, an dem Sie oder ein von Ihnen benannter Dritter, der nicht der Bef\u00f6rderer ist, die erste Ware in Besitz genommen haben.<\/p><p>Um Ihr Widerrufsrecht auszu\u00fcben, m\u00fcssen Sie uns<\/p>\t\t\t\t\t\t\t\t<\/div>\n\t\t\t\t<div class=\"elementor-element elementor-element-eab17b7 elementor-widget elementor-widget-heading\" data-id=\"eab17b7\" data-element_type=\"widget\" data-e-type=\"widget\" data-widget_type=\"heading.default\">\n\t\t\t\t\t<h2 class=\"elementor-heading-title elementor-size-default\">Wodianka privacy legal GmbH<\/h2>\t\t\t\t<\/div>\n\t\t\t\t<div class=\"elementor-element elementor-element-4035536 elementor-widget elementor-widget-text-editor\" data-id=\"4035536\" data-element_type=\"widget\" data-e-type=\"widget\" data-widget_type=\"text-editor.default\">\n\t\t\t\t\t\t\t\t\t<p>Dockenhudener Str. 12a<br \/>22587 Hamburg<br \/>Germany<br \/>Tel.: +49 (0)40 2110786-0<\/p><p>E-Mail:\u00a0kontakt@privacy-pieces.de<\/p><p>mittels einer eindeutigen Erkl\u00e4rung (z. B. per Post, Telefax oder E-Mail) \u00fcber Ihren Entschluss, diesen Vertrag zu widerrufen, informieren. Sie k\u00f6nnen daf\u00fcr das beigef\u00fcgte Muster-Widerrufsformular verwenden, das jedoch nicht vorgeschrieben ist.<\/p><p>Zur Wahrung der Widerrufsfrist reicht es aus, dass Sie die Mitteilung \u00fcber die Aus\u00fcbung des Widerrufsrechts vor Ablauf der Widerrufsfrist absenden.<\/p>\t\t\t\t\t\t\t\t<\/div>\n\t\t\t\t<div class=\"elementor-element elementor-element-1a58cd5 elementor-widget elementor-widget-heading\" data-id=\"1a58cd5\" data-element_type=\"widget\" data-e-type=\"widget\" data-widget_type=\"heading.default\">\n\t\t\t\t\t<h2 class=\"elementor-heading-title elementor-size-default\">Folgen des Widerrufs<\/h2>\t\t\t\t<\/div>\n\t\t\t\t<div class=\"elementor-element elementor-element-853457b elementor-widget elementor-widget-text-editor\" data-id=\"853457b\" data-element_type=\"widget\" data-e-type=\"widget\" data-widget_type=\"text-editor.default\">\n\t\t\t\t\t\t\t\t\t<p>Wenn Sie diesen Vertrag widerrufen, erstatten wir Ihnen alle Zahlungen, die wir von Ihnen erhalten haben,\u00a0<strong>ohne die Lieferkosten<\/strong>, unverz\u00fcglich und sp\u00e4testens binnen vierzehn Tagen ab dem Tag, an dem die Mitteilung \u00fcber Ihren Widerruf bei uns eingegangen ist.<br \/>F\u00fcr diese R\u00fcckzahlung verwenden wir dasselbe Zahlungsmittel, das Sie bei der urspr\u00fcnglichen Transaktion eingesetzt haben, es sei denn, mit Ihnen wurde ausdr\u00fccklich etwas anderes vereinbart. Ihnen entstehen durch die R\u00fcckzahlung keine Entgelte.<\/p><p>Wir k\u00f6nnen die R\u00fcckzahlung verweigern, bis wir die Waren wieder zur\u00fcckerhalten haben oder bis Sie den Nachweis erbracht haben, dass Sie die Waren zur\u00fcckgesandt haben \u2013 je nachdem, welches der fr\u00fchere Zeitpunkt ist.<\/p><p>Sie haben die Waren unverz\u00fcglich und in jedem Fall sp\u00e4testens binnen vierzehn Tagen ab dem Tag, an dem Sie uns \u00fcber den Widerruf dieses Vertrags unterrichten, an uns zur\u00fcckzusenden oder zu \u00fcbergeben. Die Frist ist gewahrt, wenn Sie die Waren vor Ablauf der Frist absenden.<\/p><p>Sie tragen die unmittelbaren Kosten der R\u00fccksendung der Waren.<\/p><p>Sie m\u00fcssen f\u00fcr einen Wertverlust der Waren nur aufkommen, wenn dieser Wertverlust auf einen zur Pr\u00fcfung der Beschaffenheit, Eigenschaften und Funktionsweise der Waren nicht notwendigen Umgang mit ihnen zur\u00fcckzuf\u00fchren ist.<\/p>\t\t\t\t\t\t\t\t<\/div>\n\t\t\t\t<div class=\"elementor-element elementor-element-22daaf9 elementor-widget elementor-widget-heading\" data-id=\"22daaf9\" data-element_type=\"widget\" data-e-type=\"widget\" data-widget_type=\"heading.default\">\n\t\t\t\t\t<h2 class=\"elementor-heading-title elementor-size-default\">Allgemeine Hinweise<\/h2>\t\t\t\t<\/div>\n\t\t\t\t<div class=\"elementor-element elementor-element-f6ba776 elementor-widget elementor-widget-text-editor\" data-id=\"f6ba776\" data-element_type=\"widget\" data-e-type=\"widget\" data-widget_type=\"text-editor.default\">\n\t\t\t\t\t\t\t\t\t<ol class=\"wp-block-list\"><li>Bitte vermeiden Sie Besch\u00e4digungen und Verunreinigungen der Ware. Senden Sie die Ware m\u00f6glichst in Originalverpackung mit s\u00e4mtlichem Zubeh\u00f6r und allen Verpackungsbestandteilen an uns zur\u00fcck. Verwenden Sie ggf. eine sch\u00fctzende Umverpackung. Falls Sie die Originalverpackung nicht mehr besitzen, sorgen Sie bitte f\u00fcr eine geeignete Verpackung, um Transportsch\u00e4den zu vermeiden.<\/li><li>Senden Sie die Ware bitte nicht unfrei an uns zur\u00fcck.<\/li><li>Bitte beachten Sie, dass die vorgenannten Punkte 1\u20132 nicht Voraussetzung f\u00fcr die wirksame Aus\u00fcbung des Widerrufsrechts sind.<\/li><\/ol>\t\t\t\t\t\t\t\t<\/div>\n\t\t\t\t<div class=\"elementor-element elementor-element-4b7f47f elementor-widget elementor-widget-heading\" data-id=\"4b7f47f\" data-element_type=\"widget\" data-e-type=\"widget\" data-widget_type=\"heading.default\">\n\t\t\t\t\t<h2 class=\"elementor-heading-title elementor-size-default\">Widerrufsformular<\/h2>\t\t\t\t<\/div>\n\t\t\t\t<div class=\"elementor-element elementor-element-f59acfe elementor-widget elementor-widget-text-editor\" data-id=\"f59acfe\" data-element_type=\"widget\" data-e-type=\"widget\" data-widget_type=\"text-editor.default\">\n\t\t\t\t\t\t\t\t\t<p>Wenn Sie den Vertrag widerrufen m\u00f6chten, f\u00fcllen Sie bitte dieses Formular aus und senden es zur\u00fcck an:<\/p><p><strong>Wodianka privacy legal GmbH<\/strong><br \/>Dockenhudener Str. 12a<br \/>22587 Hamburg<br \/>Germany<br \/>E-Mail: kontakt@privacy-legal.de<\/p><p>Hiermit widerrufe(n) ich\/wir (<em>) den von mir\/uns (<\/em>) abgeschlossenen Vertrag \u00fcber den Kauf der folgenden Waren (<em>)\/die Erbringung der folgenden Dienstleistung (<\/em>):<\/p><hr class=\"wp-block-separator has-alpha-channel-opacity\" \/><hr class=\"wp-block-separator has-alpha-channel-opacity\" \/><p>Bestellt am (<em>) ____________ \/ erhalten am (<\/em>) __________________<\/p><hr class=\"wp-block-separator has-alpha-channel-opacity\" \/><p>Name des\/der Verbraucher(s)<\/p><hr class=\"wp-block-separator has-alpha-channel-opacity\" \/><p>Anschrift des\/der Verbraucher(s)<\/p><hr class=\"wp-block-separator has-alpha-channel-opacity\" \/><p>Unterschrift des\/der Verbraucher(s) (nur bei Mitteilung auf Papier)<\/p><hr class=\"wp-block-separator has-alpha-channel-opacity\" \/><p>Datum<\/p><p>(*) Unzutreffendes streichen<\/p><p>\u00a0<\/p>\t\t\t\t\t\t\t\t<\/div>\n\t\t\t\t<\/div>\n\t\t\t\t\t<\/div>\n\t\t\t\t<\/div>\n\t\t\t\t<\/div>","protected":false},"excerpt":{"rendered":"<p>Widerrufsrecht Wir bringen das Telefonieren zur\u00fcck zu seinen Wurzeln Widerrufsbelehrung &amp; Widerrufsformular Verbrauchern steht ein Widerrufsrecht nach folgender Ma\u00dfgabe zu, wobei Verbraucher jede nat\u00fcrliche Person ist, die ein Rechtsgesch\u00e4ft zu Zwecken abschlie\u00dft, die \u00fcberwiegend weder ihrer gewerblichen noch ihrer selbst\u00e4ndigen beruflichen T\u00e4tigkeit zugerechnet werden k\u00f6nnen: Widerrufsrecht Sie haben das Recht, binnen 30 Tagen ohne Angabe<\/p>\n<div class=\"klb-readmore post-buttons\"><a class=\"btn btn-black btn-rounded\" href=\"https:\/\/privacy-pieces.com\/en\/widerrufsrecht\/\">Read More <i class=\"klbth-icon-right-arrow\"><\/i><\/a><\/div>","protected":false},"author":4,"featured_media":0,"parent":0,"menu_order":0,"comment_status":"closed","ping_status":"closed","template":"","meta":{"footnotes":""},"class_list":["post-2406","page","type-page","status-publish","hentry"],"_links":{"self":[{"href":"https:\/\/privacy-pieces.com\/en\/wp-json\/wp\/v2\/pages\/2406","targetHints":{"allow":["GET"]}}],"collection":[{"href":"https:\/\/privacy-pieces.com\/en\/wp-json\/wp\/v2\/pages"}],"about":[{"href":"https:\/\/privacy-pieces.com\/en\/wp-json\/wp\/v2\/types\/page"}],"author":[{"embeddable":true,"href":"https:\/\/privacy-pieces.com\/en\/wp-json\/wp\/v2\/users\/4"}],"replies":[{"embeddable":true,"href":"https:\/\/privacy-pieces.com\/en\/wp-json\/wp\/v2\/comments?post=2406"}],"version-history":[{"count":7,"href":"https:\/\/privacy-pieces.com\/en\/wp-json\/wp\/v2\/pages\/2406\/revisions"}],"predecessor-version":[{"id":2925,"href":"https:\/\/privacy-pieces.com\/en\/wp-json\/wp\/v2\/pages\/2406\/revisions\/2925"}],"wp:attachment":[{"href":"https:\/\/privacy-pieces.com\/en\/wp-json\/wp\/v2\/media?parent=2406"}],"curies":[{"name":"wp","href":"https:\/\/api.w.org\/{rel}","templated":true}]}}