{"id":2721,"date":"2025-12-16T10:45:00","date_gmt":"2025-12-16T10:45:00","guid":{"rendered":"https:\/\/privacy-pieces.com\/?page_id=2721"},"modified":"2025-12-25T09:03:58","modified_gmt":"2025-12-25T09:03:58","slug":"datenschutzerklaerung-2","status":"publish","type":"page","link":"https:\/\/privacy-pieces.com\/en\/datenschutzerklaerung-2\/","title":{"rendered":"Data Protection Statement"},"content":{"rendered":"<div data-elementor-type=\"wp-page\" data-elementor-id=\"2721\" class=\"elementor elementor-2721\">\n\t\t\t\t<div class=\"elementor-element elementor-element-29f5bd3 e-con-full e-flex e-con e-parent\" data-id=\"29f5bd3\" data-element_type=\"container\" data-e-type=\"container\">\n\t\t\t\t<div class=\"elementor-element elementor-element-0f9079b elementor-widget elementor-widget-fynode-page-banner\" data-id=\"0f9079b\" data-element_type=\"widget\" data-e-type=\"widget\" data-widget_type=\"fynode-page-banner.default\">\n\t\t\t\t<div class=\"elementor-widget-container\">\n\t\t\t\t\t<div class=\"site-page-header klb-page-banner style-1\"><div class=\"container\"><div class=\"site-page-header-inner\"><h1 class=\"entry-title\">Data Protection Statement<\/h1><div class=\"entry-description\"><p>Erfahre, wie wir Deine Daten verwenden.<\/p><\/div><!-- New Arrival --><\/div><!-- site-page-header-inner --><\/div><!-- container --><\/div><!-- site-page-header -->\t\t\t\t<\/div>\n\t\t\t\t<\/div>\n\t\t\t\t<\/div>\n\t\t<div class=\"elementor-element elementor-element-69b7919 e-flex e-con-boxed e-con e-parent\" data-id=\"69b7919\" data-element_type=\"container\" data-e-type=\"container\">\n\t\t\t\t\t<div class=\"e-con-inner\">\n\t\t<div class=\"elementor-element elementor-element-d32ad34 e-con-full e-flex e-con e-child\" data-id=\"d32ad34\" data-element_type=\"container\" data-e-type=\"container\">\n\t\t\t\t<div class=\"elementor-element elementor-element-3970498 elementor-widget elementor-widget-heading\" data-id=\"3970498\" data-element_type=\"widget\" data-e-type=\"widget\" data-widget_type=\"heading.default\">\n\t\t\t\t\t<h2 class=\"elementor-heading-title elementor-size-default\">\u00a7 1 INFORMATION ABOUT THE COLLECTION OF PERSONAL DATA\n<\/h2>\t\t\t\t<\/div>\n\t\t\t\t<\/div>\n\t\t\t\t\t<\/div>\n\t\t\t\t<\/div>\n\t\t<div class=\"elementor-element elementor-element-2cbda94 e-flex e-con-boxed e-con e-parent\" data-id=\"2cbda94\" data-element_type=\"container\" data-e-type=\"container\">\n\t\t\t\t\t<div class=\"e-con-inner\">\n\t\t<div class=\"elementor-element elementor-element-9761366 e-con-full e-flex e-con e-child\" data-id=\"9761366\" data-element_type=\"container\" data-e-type=\"container\">\n\t\t\t\t<div class=\"elementor-element elementor-element-c7847db elementor-widget elementor-widget-heading\" data-id=\"c7847db\" data-element_type=\"widget\" data-e-type=\"widget\" data-widget_type=\"heading.default\">\n\t\t\t\t\t<p class=\"elementor-heading-title elementor-size-default\">(1) Im Folgenden informieren wir Dich \u00fcber die Erhebung personenbezogener Daten bei der Nutzung unserer Website. Personenbezogene Daten sind alle Daten, die auf Dich pers\u00f6nlich beziehbar sind, wie z. B. Name, Adresse, E-Mail-Adresse, Nutzerverhalten.<br>\n(2) Der Verantwortliche gem. Art. 4 Nr. 7 Datenschutz-Grundverordnung ist die Wodianka privacy legal GmbH, Dockenhudener Stra\u00dfe 12a, 22587 Hamburg, kontakt@privacy-legal.de. F\u00fcr datenschutzrechtliche Anfragen kontaktiere bitte Dr. Volker Wodianka, LL.M. unter volker.wodianka@privacy-legal.de oder postalisch unter der oben genannten Adresse.<br><br>\n(3) Bei Deiner Kontaktaufnahme mit uns per E-Mail oder \u00fcber ein Kontaktformular werden die von Dir mitgeteilten Daten (E-Mail-Adresse, ggf. Name und Telefonnummer sowie der Inhalt Deiner Nachricht) von uns gespeichert, um Deine Fragen zu beantworten. Die in diesem Zusammenhang anfallenden Daten l\u00f6schen wir, nachdem die Speicherung nicht mehr erforderlich ist, oder schr\u00e4nken die Verarbeitung ein, falls gesetzliche Aufbewahrungspflichten bestehen.\n<\/p>\t\t\t\t<\/div>\n\t\t\t\t<div class=\"elementor-element elementor-element-182aefb elementor-widget elementor-widget-heading\" data-id=\"182aefb\" data-element_type=\"widget\" data-e-type=\"widget\" data-widget_type=\"heading.default\">\n\t\t\t\t\t<h2 class=\"elementor-heading-title elementor-size-default\">\u00a7 2 DEINE RECHTE\n<\/h2>\t\t\t\t<\/div>\n\t\t\t\t<div class=\"elementor-element elementor-element-0cb2eb0 elementor-widget elementor-widget-text-editor\" data-id=\"0cb2eb0\" data-element_type=\"widget\" data-e-type=\"widget\" data-widget_type=\"text-editor.default\">\n\t\t\t\t\t\t\t\t\t<p>(1) Du hast gegen\u00fcber uns folgende Rechte hinsichtlich Deiner Dich betreffenden personenbezogenen Daten:<\/p><ul><li>Right to information<\/li><li>Right to correction or deletion<\/li><li>Right to restriction of processing<\/li><li>Right to refusal of processing<\/li><li>Right to data portability<\/li><\/ul><p>(2) Du hast zudem das Recht, Dich bei einer Datenschutz-Aufsichtsbeh\u00f6rde \u00fcber die Verarbeitung Deiner personenbezogenen Daten durch uns zu beschweren.<\/p>\t\t\t\t\t\t\t\t<\/div>\n\t\t\t\t<div class=\"elementor-element elementor-element-e089b07 elementor-widget elementor-widget-heading\" data-id=\"e089b07\" data-element_type=\"widget\" data-e-type=\"widget\" data-widget_type=\"heading.default\">\n\t\t\t\t\t<h2 class=\"elementor-heading-title elementor-size-default\">\u00a7 3 WIDERSPRUCH ODER WIDERRUF GEGEN DIE VERARBEITUNG DEINER DATEN\n<\/h2>\t\t\t\t<\/div>\n\t\t\t\t<div class=\"elementor-element elementor-element-50f72b7 elementor-widget elementor-widget-heading\" data-id=\"50f72b7\" data-element_type=\"widget\" data-e-type=\"widget\" data-widget_type=\"heading.default\">\n\t\t\t\t\t<p class=\"elementor-heading-title elementor-size-default\">(1) Falls Du eine Einwilligung zur Verarbeitung Deiner Daten erteilt hast, kannst Du diese jederzeit widerrufen. Ein solcher Widerruf beeinflusst die Zul\u00e4ssigkeit der Verarbeitung Deiner personenbezogenen Daten, nachdem Du ihn gegen\u00fcber uns ausgesprochen haben.<br><br>\n(2) Soweit wir die Verarbeitung Deiner personenbezogenen Daten auf die Interessenabw\u00e4gung st\u00fctzen, kannst Du Widerspruch gegen die Verarbeitung einlegen. Dies ist der Fall, wenn die Verarbeitung insbesondere nicht zur Erf\u00fcllung eines Vertrags mit Dir erforderlich ist, was von uns jeweils bei der nachfolgenden Beschreibung der Funktionen dargestellt wird. Bei Aus\u00fcbung eines solchen Widerspruchs bitten wir um Darlegung der Gr\u00fcnde, weshalb wir Deine personenbezogenen Daten nicht wie von uns durchgef\u00fchrt verarbeiten sollten. Im Falle Ihres begr\u00fcndeten Widerspruchs pr\u00fcfen wir die Sachlage und werden entweder die Datenverarbeitung einstellen bzw. anpassen oder Dir unsere zwingenden schutzw\u00fcrdigen Gr\u00fcnde aufzeigen, aufgrund derer wir die Verarbeitung fortf\u00fchren.\n<\/p>\t\t\t\t<\/div>\n\t\t\t\t<div class=\"elementor-element elementor-element-8f4e664 elementor-widget elementor-widget-heading\" data-id=\"8f4e664\" data-element_type=\"widget\" data-e-type=\"widget\" data-widget_type=\"heading.default\">\n\t\t\t\t\t<h2 class=\"elementor-heading-title elementor-size-default\">\u00a7 4 DELETION OF PERSONAL DATA\n<\/h2>\t\t\t\t<\/div>\n\t\t\t\t<div class=\"elementor-element elementor-element-1d9ecb8 elementor-widget elementor-widget-text-editor\" data-id=\"1d9ecb8\" data-element_type=\"widget\" data-e-type=\"widget\" data-widget_type=\"text-editor.default\">\n\t\t\t\t\t\t\t\t\t<p>(1) Die von uns verarbeiteten Daten werden nach Ma\u00dfgabe der gesetzlichen Vorgaben gel\u00f6scht, wenn der Zweck der Verarbeitung Deiner Daten entfallen ist oder sie f\u00fcr den Zweck nicht mehr erforderlich sind. Deine Daten werden au\u00dferdem gel\u00f6scht, falls die Verarbeitung auf Deine Einwilligung basiert hat und Du diese widerrufen haben.<\/p><p>(2) Es kann sein, dass die Speicherung Deiner Daten f\u00fcr andere gesetzlich zul\u00e4ssige Zwecke erforderlich sind, wie zum Beispiel zur Erf\u00fcllung einer rechtlichen Verpflichtung, zur Aus\u00fcbung von Rechtsanspr\u00fcchen oder aus steuerrechtlichen Gr\u00fcnden. In diesen F\u00e4llen werden Deine personenbezogenen Daten nur zu diesen Zwecken verarbeitet.<\/p>\t\t\t\t\t\t\t\t<\/div>\n\t\t\t\t<div class=\"elementor-element elementor-element-9f78451 elementor-widget elementor-widget-heading\" data-id=\"9f78451\" data-element_type=\"widget\" data-e-type=\"widget\" data-widget_type=\"heading.default\">\n\t\t\t\t\t<h2 class=\"elementor-heading-title elementor-size-default\">\u00a7 5 PROCESSING OF PERSONAL DATA WHEN YOU VISIT OUR WEBSITE<\/h2>\t\t\t\t<\/div>\n\t\t\t\t<div class=\"elementor-element elementor-element-d125228 elementor-widget elementor-widget-text-editor\" data-id=\"d125228\" data-element_type=\"widget\" data-e-type=\"widget\" data-widget_type=\"text-editor.default\">\n\t\t\t\t\t\t\t\t\t<p>(1) Bei der blo\u00df informatorischen Nutzung der Website, also wenn Du Dich \u00a0nicht registrierst oder uns anderweitig Informationen \u00fcbermittelst, erheben wir nur die personenbezogenen Daten, die Dein Browser an unseren Server \u00fcbermittelt. Wenn Du \u00a0unsere Website betrachten m\u00f6chtest, erheben wir die folgenden Daten, die f\u00fcr uns technisch erforderlich sind, um Ihnen unsere Website anzuzeigen und die Stabilit\u00e4t und Sicherheit zu gew\u00e4hrleisten (Rechtsgrundlage ist Art. 6 Abs. 1 S. 1 lit. f) DS-GVO):<\/p><ul><li>IP address \u2013 Date and time of the enquiry<\/li><li>Time zone difference from Greenwich Mean Time (GMT)<\/li><li>Content of the request (specific page)<\/li><li>Access status \/ HTTP status code<\/li><li>Quantity of data transferred in each case<\/li><li>The website from which the request comes<\/li><li>Browser<\/li><li>Operating system and its interface<\/li><li>Language and version of the browser software<\/li><\/ul><div>\u00a0<\/div><div>(2) Essentielle Cookies<\/div><p>Borlabs-Cookie: Dieses Cookie speichert Informationen zur Einwilligung\/ Pr\u00e4ferenzen von Webseitenbesuchern.\u00a0<\/p><p>Paypal-Cookie: PayPal ist eine Online-Zahlungsplattform, die sichere Transaktionen und Geld\u00fcberweisungen f\u00fcr Privatpersonen und Unternehmen weltweit erm\u00f6glicht.\u00a0<\/p><p>Stripe-Cookie: Stripe bietet Online-Zahlungsabwicklungsdienste an, die es Unternehmen erm\u00f6glichen, Zahlungen sicher \u00fcber das Internet zu akzeptieren, Abonnements zu verwalten und finanzielle Transaktionen abzuwickeln.<\/p><p>WooCommerce-Cookie: WooCommerce ist ein WordPress-Plugin, das es uns erm\u00f6glicht, unseren Online-Shop zu betreiben. Die ausgew\u00e4hlten Artikel des Warenkorbs werden in einem Cookie gespeichert.<\/p>\t\t\t\t\t\t\t\t<\/div>\n\t\t\t\t<div class=\"elementor-element elementor-element-fbd3225 elementor-widget elementor-widget-heading\" data-id=\"fbd3225\" data-element_type=\"widget\" data-e-type=\"widget\" data-widget_type=\"heading.default\">\n\t\t\t\t\t<h2 class=\"elementor-heading-title elementor-size-default\">\u00a7 6 SERVICE PROVIDERS \/ RECIPIENTS\n<\/h2>\t\t\t\t<\/div>\n\t\t\t\t<div class=\"elementor-element elementor-element-311787e elementor-widget elementor-widget-text-editor\" data-id=\"311787e\" data-element_type=\"widget\" data-e-type=\"widget\" data-widget_type=\"text-editor.default\">\n\t\t\t\t\t\t\t\t\t<p>(1) Teilweise bedienen wir uns zur Verarbeitung Deiner Daten externer Dienstleister. Diese wurden von uns sorgf\u00e4ltig ausgew\u00e4hlt und beauftragt, sind an unsere Weisungen gebunden und werden regelm\u00e4\u00dfig kontrolliert.<\/p><p>(2) Soweit unsere Dienstleister oder Partner ihren Sitz in einem Staat au\u00dferhalb der Europ\u00e4ischen Union (EU) oder des Europ\u00e4ischen Wirtschaftsraumes (EWR) haben, informieren wir Dich \u00fcber die Folgen dieses Umstands an entsprechender Stelle in dieser Datenschutzerkl\u00e4rung.<\/p>\t\t\t\t\t\t\t\t<\/div>\n\t\t\t\t<div class=\"elementor-element elementor-element-71d4e5f elementor-widget elementor-widget-heading\" data-id=\"71d4e5f\" data-element_type=\"widget\" data-e-type=\"widget\" data-widget_type=\"heading.default\">\n\t\t\t\t\t<h2 class=\"elementor-heading-title elementor-size-default\">\u00a7 7 ONLINE SHOP\n<\/h2>\t\t\t\t<\/div>\n\t\t\t\t<div class=\"elementor-element elementor-element-7738ea3 elementor-widget elementor-widget-text-editor\" data-id=\"7738ea3\" data-element_type=\"widget\" data-e-type=\"widget\" data-widget_type=\"text-editor.default\">\n\t\t\t\t\t\t\t\t\t<p>(1) \u00dcber unseren Webshop hast Du die M\u00f6glichkeit, die auf unserer Website angebotenen Produkte zu kaufen. Im Rahmen der Bestell- und Zahlungsabwicklung verarbeiten wir die zur Vertragserf\u00fcllung notwendigen Daten (z. B. Name, Rechnungs- und Lieferadresse, Bestellinhalt, Zahlungsinformationen). Die f\u00fcr die Abwicklung der Vertr\u00e4ge notwendigen Pflichtangaben sind in unserem Bestellformular gesondert gekennzeichnet, weitere Angaben sind freiwillig. Die Verarbeitung erfolgt gem\u00e4\u00df Art. 6 Abs. 1 lit. b) DSGVO, um Deine Bestellung auszuf\u00fchren und Ihnen die gew\u00fcnschten Produkte bereitzustellen.<\/p><p>(2) Deine Daten werden ausschlie\u00dflich zur Abwicklung des Kaufvorgangs genutzt und nur an Dienstleister weitergegeben, die f\u00fcr Versand, Zahlungsabwicklung oder technische Bereitstellung erforderlich sind. Eine weitergehende Nutzung zu anderen Zwecken findet nicht statt.<\/p><p>(3) Zur Verhinderung unberechtigter Zugriffe Dritter auf Deine pers\u00f6nlichen Daten, insbesondere Finanzdaten, wird der Bestellvorgang per TLS-Technik verschl\u00fcsselt.<\/p>\t\t\t\t\t\t\t\t<\/div>\n\t\t\t\t<div class=\"elementor-element elementor-element-197b66b elementor-widget elementor-widget-heading\" data-id=\"197b66b\" data-element_type=\"widget\" data-e-type=\"widget\" data-widget_type=\"heading.default\">\n\t\t\t\t\t<h2 class=\"elementor-heading-title elementor-size-default\">\u00a7 8 STRIPE\n<\/h2>\t\t\t\t<\/div>\n\t\t\t\t<div class=\"elementor-element elementor-element-c9e2feb elementor-widget elementor-widget-text-editor\" data-id=\"c9e2feb\" data-element_type=\"widget\" data-e-type=\"widget\" data-widget_type=\"text-editor.default\">\n\t\t\t\t\t\t\t\t\t<p>(1) This website uses the payment provider Stripe Payments Europe, Limited, 1 Grand Canal Street Lower, Grand Canal Dock, Dublin, D02 H210, Ireland, to process payments.<\/p>\n<p>(2) In this context, Stripe acts as both a controller and a processor. As a controller, Stripe uses the data you provide to fulfil regulatory obligations. This corresponds to Stripe\u2019s legitimate interest pursuant to Art. 6 (1) lit. f) GDPR and serves the performance of the contract pursuant to Art. 6 (1) lit. b) GDPR. As a processor, Stripe acts to enable payment transactions. Within the scope of the processing agreement, Stripe operates exclusively according to our instructions and has been contractually obligated, in accordance with Art. 28 GDPR, to comply with data protection regulations.<\/p>\n<p>(3) When using Stripe, your payment data (e.g., name, payment amount, account details, credit card number) is processed for the purpose of handling the payment.<\/p>\n<p>(4) For each transaction, the contractual and data protection provisions of Stripe and of the payment service provider you have chosen for the payment process apply. The use of Stripe is based on Art. 6 (1) (b) GDPR (contract performance) as well as on our interest in ensuring the smoothest, most convenient and secure payment process possible (Art. 6 (1) (f) GDPR). Further information can be found in&nbsp;<a href=\"https:\/\/stripe.com\/en-dk\/privacy\">Stripe\u2019s privacy policy<\/a>.<\/p>\n<p>(5) The processing of the data specified in this section is neither legally nor contractually required. Without transmitting your personal data, we cannot process a payment via Stripe.<\/p>\n<p>(6) Please note that the payment service provider Stripe is headquartered in the United States, and it cannot be ruled out that your data may be transferred to the USA. Stripe has implemented compliance measures for international data transfers. These apply to all global activities in which Stripe processes personal data of individuals in the EU. In Stripe\u2019s case, an adequate level of data protection is ensured through certification under the EU\u2013US Data Privacy Framework (DPF).<\/p>\n<p>(7) Weitere Informationen zu Widerspruchs- und Beseitigungsm\u00f6glichkeiten gegen\u00fcber Stripe finden Sie&nbsp;hier.<\/p>\n<p>(8) We store your data until the payment process has been completed. This also includes the period required for handling refunds, claims management, and fraud prevention.<\/p>\t\t\t\t\t\t\t\t<\/div>\n\t\t\t\t<div class=\"elementor-element elementor-element-3e2c375 elementor-widget elementor-widget-heading\" data-id=\"3e2c375\" data-element_type=\"widget\" data-e-type=\"widget\" data-widget_type=\"heading.default\">\n\t\t\t\t\t<h2 class=\"elementor-heading-title elementor-size-default\">\u00a7 9 CATEGORIES OF RECIPIENTS OF PERSONAL DATA\n<\/h2>\t\t\t\t<\/div>\n\t\t\t\t<div class=\"elementor-element elementor-element-349bb84 elementor-widget elementor-widget-text-editor\" data-id=\"349bb84\" data-element_type=\"widget\" data-e-type=\"widget\" data-widget_type=\"text-editor.default\">\n\t\t\t\t\t\t\t\t\t<p>(1) Zur Abwicklung unseres Gesch\u00e4ftsverkehrs setzen wir externe in- und ausl\u00e4ndische Dienstleister ein (z.B. f\u00fcr die Bereiche IT, Logistik, Telekommunikation, Vertrieb und Marketing), die ebenfalls Kenntnis von Deinen personenbezogenen Daten erlangen k\u00f6nnen. Wir haben mit diesen Anbietern Auftragsverarbeitungsvertr\u00e4ge nach Art. 28 DSGVO abgeschlossen, die sicherstellen, dass die Datenverarbeitung in zul\u00e4ssiger Weise erfolgt.<\/p><p>(2) Sofern personenbezogene Daten von Dir durch uns an unsere Tochtergesellschaften weitergegeben werden oder von unseren Tochtergesellschaften an uns weitergegeben werden (z.B. zu werblichen Zwecken), geschieht dies ebenfalls aufgrund von bestehenden Auftragsverarbeitungsverha\u0308ltnissen.<\/p>\t\t\t\t\t\t\t\t<\/div>\n\t\t\t\t<div class=\"elementor-element elementor-element-f1045b6 elementor-widget elementor-widget-heading\" data-id=\"f1045b6\" data-element_type=\"widget\" data-e-type=\"widget\" data-widget_type=\"heading.default\">\n\t\t\t\t\t<h2 class=\"elementor-heading-title elementor-size-default\">\u00a7 10 CONDITIONS FOR THE TRANSFER OF PERSONAL DATA TO THIRD COUNTRIES\n<\/h2>\t\t\t\t<\/div>\n\t\t\t\t<div class=\"elementor-element elementor-element-8abc072 elementor-widget elementor-widget-text-editor\" data-id=\"8abc072\" data-element_type=\"widget\" data-e-type=\"widget\" data-widget_type=\"text-editor.default\">\n\t\t\t\t\t\t\t\t\t<p>(1) F\u00fcr die Ausnahmef\u00e4lle, in denen personenbezogene Daten in L\u00e4nder au\u00dferhalb des Europ\u00e4ischen Wirtschaftsraums (EWR) \u00fcbertragen werden, also in Drittl\u00e4nder, erfolgt dies unter den Voraussetzungen der Art. 44 ff. DSGVO. \u00dcber die jeweiligen Einzelheiten der Weitergabe unterrichten wir Dich nachfolgend an den daf\u00fcr relevanten Stellen.<\/p><p>(2) The European Commission certifies that some third countries have a level of data protection comparable to the EEA standard by means of so-called adequacy decisions. However, in other third countries to which personal data may be transferred, there may not be a consistently high level of data protection due to a lack of legal provisions. If this is the case, we ensure that data protection is adequately guaranteed. This is possible via binding corporate rules, standard contractual clauses of the European Commission for the protection of personal data pursuant to Art. 46 para. 1, 2 lit. c) GDPR, certificates or recognised codes of conduct.<\/p>\t\t\t\t\t\t\t\t<\/div>\n\t\t\t\t<div class=\"elementor-element elementor-element-120769d elementor-widget elementor-widget-heading\" data-id=\"120769d\" data-element_type=\"widget\" data-e-type=\"widget\" data-widget_type=\"heading.default\">\n\t\t\t\t\t<h2 class=\"elementor-heading-title elementor-size-default\">\u00a7 11 LINKS<\/h2>\t\t\t\t<\/div>\n\t\t\t\t<div class=\"elementor-element elementor-element-15508d1 elementor-widget elementor-widget-text-editor\" data-id=\"15508d1\" data-element_type=\"widget\" data-e-type=\"widget\" data-widget_type=\"text-editor.default\">\n\t\t\t\t\t\t\t\t\t<p>(1) We use links to content on websites of other website operators.<\/p><p>(2) We have no influence on the data collected there or the data processing procedures, nor do we know the entire scope of the data collection, the purpose of the processing or the retention periods. We also have no information about the deletion of the collected data by the linked provider. In this respect, we are not responsible under data protection law for the data processing on the linked website.<\/p><p>(3) Further information on the purpose and scope of data collection and processing by the website operator can be found in the following data protection declarations. There you will also find further information on your rights in this regard and the setting options for protecting your privacy.<\/p>\t\t\t\t\t\t\t\t<\/div>\n\t\t\t\t<div class=\"elementor-element elementor-element-dfc92a7 elementor-widget elementor-widget-heading\" data-id=\"dfc92a7\" data-element_type=\"widget\" data-e-type=\"widget\" data-widget_type=\"heading.default\">\n\t\t\t\t\t<h2 class=\"elementor-heading-title elementor-size-default\">\u00a7 12 UPDATE OF THE DATA PROTECTION DECLARATION\n<\/h2>\t\t\t\t<\/div>\n\t\t\t\t<div class=\"elementor-element elementor-element-1a22f88 elementor-widget elementor-widget-text-editor\" data-id=\"1a22f88\" data-element_type=\"widget\" data-e-type=\"widget\" data-widget_type=\"text-editor.default\">\n\t\t\t\t\t\t\t\t\t<p>Wir passen diese Datenschutzerkl\u00e4rung von Zeit zu Zeit an, wenn dies aufgrund von ver\u00e4nderten Datenverarbeitungen erforderlich ist. Bitte informiere Dich regelm\u00e4\u00dfig \u00fcber den Inhalt unserer Datenschutzerkl\u00e4rung und auch \u00fcber die Aktualit\u00e4t von Kontaktinformationen von Dritten.<\/p>\t\t\t\t\t\t\t\t<\/div>\n\t\t\t\t<\/div>\n\t\t\t\t\t<\/div>\n\t\t\t\t<\/div>\n\t\t\t\t<\/div>","protected":false},"excerpt":{"rendered":"<p>Datenschutzerkl\u00e4rung Erfahre, wie wir Deine Daten verwenden. \u00a7 1 INFORMATION \u00dcBER DIE ERHEBUNG PERSONENBEZOGENER DATEN (1) Im Folgenden informieren wir Dich \u00fcber die Erhebung personenbezogener Daten bei der Nutzung unserer Website. Personenbezogene Daten sind alle Daten, die auf Dich pers\u00f6nlich beziehbar sind, wie z. B. Name, Adresse, E-Mail-Adresse, Nutzerverhalten. (2) Der Verantwortliche gem. Art. 4<\/p>\n<div class=\"klb-readmore post-buttons\"><a class=\"btn btn-black btn-rounded\" href=\"https:\/\/privacy-pieces.com\/en\/datenschutzerklaerung-2\/\">Read More <i class=\"klbth-icon-right-arrow\"><\/i><\/a><\/div>","protected":false},"author":4,"featured_media":0,"parent":0,"menu_order":0,"comment_status":"closed","ping_status":"closed","template":"","meta":{"footnotes":""},"class_list":["post-2721","page","type-page","status-publish","hentry"],"_links":{"self":[{"href":"https:\/\/privacy-pieces.com\/en\/wp-json\/wp\/v2\/pages\/2721","targetHints":{"allow":["GET"]}}],"collection":[{"href":"https:\/\/privacy-pieces.com\/en\/wp-json\/wp\/v2\/pages"}],"about":[{"href":"https:\/\/privacy-pieces.com\/en\/wp-json\/wp\/v2\/types\/page"}],"author":[{"embeddable":true,"href":"https:\/\/privacy-pieces.com\/en\/wp-json\/wp\/v2\/users\/4"}],"replies":[{"embeddable":true,"href":"https:\/\/privacy-pieces.com\/en\/wp-json\/wp\/v2\/comments?post=2721"}],"version-history":[{"count":25,"href":"https:\/\/privacy-pieces.com\/en\/wp-json\/wp\/v2\/pages\/2721\/revisions"}],"predecessor-version":[{"id":2947,"href":"https:\/\/privacy-pieces.com\/en\/wp-json\/wp\/v2\/pages\/2721\/revisions\/2947"}],"wp:attachment":[{"href":"https:\/\/privacy-pieces.com\/en\/wp-json\/wp\/v2\/media?parent=2721"}],"curies":[{"name":"wp","href":"https:\/\/api.w.org\/{rel}","templated":true}]}}