{"id":3149,"date":"2026-01-08T06:14:10","date_gmt":"2026-01-08T06:14:10","guid":{"rendered":"https:\/\/privacy-pieces.com\/?post_type=product&#038;p=3149"},"modified":"2026-01-18T14:28:17","modified_gmt":"2026-01-18T14:28:17","slug":"allein-mit-dem-handy-so-schuetzen-wir-unsere-kinder-daniel-wolff","status":"publish","type":"product","link":"https:\/\/privacy-pieces.com\/en\/product\/allein-mit-dem-handy-so-schuetzen-wir-unsere-kinder-daniel-wolff\/","title":{"rendered":"Using only a mobile phone: How we protect our children \u2013 Daniel Wolff"},"content":{"rendered":"<h2>Autor\/Autorin: Daniel Wolff<\/h2>\n<p>Daniel Wolff is a highly sought-after digital trainer for families throughout Germany. Since 2017, he has been working intensively with students, teachers, and parents at hundreds of schools. Previously, he worked as an IT journalist for the computer magazine CHIP and was a US correspondent in Silicon Valley. He also gained relevant experience as a high school teacher and university lecturer at LMU Munich (Competence Network Media Education and Digitalization\/KMBD). Daniel Wolff is the father of three children, who, despite his own enthusiasm for technology, constantly present him with new digital challenges, and lives with his family in Munich.<\/p>\n<hr \/>\n<p>Brutal depictions of violence, blatant racism, pedophiles preying on children, sexting with catastrophic consequences, gambling scams in seemingly harmless games \u2013 it's unbelievable what children experience on their smartphones. However, the vast majority tell their parents nothing about it. This is one reason why parents still massively underestimate the powerful influence of digital media \u2013 especially smartphones \u2013 on their children.<\/p>\n<p>An entire generation of parents is giving their children their own smartphones as early as elementary school, without preparing themselves or their children for it, and without providing intensive initial guidance. Daniel Wolff, a digital trainer at schools throughout Germany, knows what children are really experiencing online and shows how they can be protected \u2013 and how they can confidently use the great opportunities the digital world offers.<\/p>\n<hr \/>\n<p>\"In his book 'Alone with My Phone,' digital trainer Daniel Wolff vividly describes what children have taught him\u2014about their experiences online and their fear of their parents. The book takes the debate about youth media protection to a new level.\" | \"320 crucial pages, perhaps among the most important of recent years and today.\" | \"The book reads like a gripping thriller\u2014with you and your children in the leading roles.\" | \"A guide that shows parents the risks as well as the opportunities of their children's mobile phone use.\" | \"It is also highly recommended for those whose children are just beginning their journey into the smartphone age.\"<\/p>\n<hr \/>\n<p>Brutal depictions of violence, blatant racism, pedophiles preying on children, sexting with catastrophic consequences, gambling scams in seemingly harmless games \u2013 it's unbelievable what children experience on their smartphones. However, the vast majority tell their parents nothing about it. This is one reason why parents still massively underestimate the powerful influence of digital media \u2013 especially smartphones \u2013 on their children.<\/p>\n<p>An entire generation of parents is giving their children their own smartphones as early as elementary school, without preparing themselves or their children for it, and without providing intensive initial guidance. Daniel Wolff, a digital trainer at schools throughout Germany, knows what children are really experiencing online and shows how they can be protected \u2013 and how they can confidently use the great opportunities the digital world offers.<\/p>\n<hr \/>\n<p>Daniel Wolff is a highly sought-after digital trainer for families throughout Germany. Since 2017, he has been working intensively with students, teachers, and parents at hundreds of schools. Previously, he worked as an IT journalist for the computer magazine CHIP and was a US correspondent in Silicon Valley. He also gained relevant experience as a high school teacher and university lecturer at LMU Munich (Competence Network Media Education and Digitalization\/KMBD). Daniel Wolff is the father of three children, who, despite his own enthusiasm for technology, constantly present him with new digital challenges. He lives with his family in Munich and London.<\/p>\n<hr \/>\n<p>About the author<\/p>\n<p>Daniel Wolff is a highly sought-after digital trainer for families throughout Germany. Since 2017, he has been working intensively with students, teachers, and parents at hundreds of schools. Previously, he worked as an IT journalist for the computer magazine CHIP and was a US correspondent in Silicon Valley. He also gained relevant experience as a high school teacher and university lecturer at LMU Munich (Competence Network Media Education and Digitalization\/KMBD). Daniel Wolff is the father of three children, who, despite his own enthusiasm for technology, constantly present him with new digital challenges. He lives with his family in Munich and London.<\/p>","protected":false},"excerpt":{"rendered":"<p>Autor\/Autorin: Daniel Wolff Daniel Wolff ist ein deutschlandweit stark nachgefragter Digitaltrainer f\u00fcr Familien, der seit 2017 an Hunderten von Schulen im intensiven Austausch mit Sch\u00fclerInnen, Lehrkr\u00e4ften und Eltern steht. Zuvor arbeitete er als IT-Journalist f\u00fcr das Computermagazin CHIP und war US-Korrespondent im Silicon Valley. Auch als Gymnasiallehrer und Universit\u00e4tsdozent an der LMU M\u00fcnchen (Kompetenznetzwerk Medienbildung<\/p>\n<div class=\"klb-readmore post-buttons\"><a class=\"btn btn-black btn-rounded\" href=\"https:\/\/privacy-pieces.com\/en\/product\/allein-mit-dem-handy-so-schuetzen-wir-unsere-kinder-daniel-wolff\/\">Read More <i class=\"klbth-icon-right-arrow\"><\/i><\/a><\/div>","protected":false},"featured_media":3239,"template":"","meta":[],"product_brand":[],"product_cat":[175],"product_tag":[],"class_list":{"0":"post-3149","1":"product","2":"type-product","3":"status-publish","4":"has-post-thumbnail","6":"product_cat-literatur","8":"first","9":"instock","10":"taxable","11":"shipping-taxable","12":"purchasable","13":"product-type-simple"},"_links":{"self":[{"href":"https:\/\/privacy-pieces.com\/en\/wp-json\/wp\/v2\/product\/3149","targetHints":{"allow":["GET"]}}],"collection":[{"href":"https:\/\/privacy-pieces.com\/en\/wp-json\/wp\/v2\/product"}],"about":[{"href":"https:\/\/privacy-pieces.com\/en\/wp-json\/wp\/v2\/types\/product"}],"wp:featuredmedia":[{"embeddable":true,"href":"https:\/\/privacy-pieces.com\/en\/wp-json\/wp\/v2\/media\/3239"}],"wp:attachment":[{"href":"https:\/\/privacy-pieces.com\/en\/wp-json\/wp\/v2\/media?parent=3149"}],"wp:term":[{"taxonomy":"product_brand","embeddable":true,"href":"https:\/\/privacy-pieces.com\/en\/wp-json\/wp\/v2\/product_brand?post=3149"},{"taxonomy":"product_cat","embeddable":true,"href":"https:\/\/privacy-pieces.com\/en\/wp-json\/wp\/v2\/product_cat?post=3149"},{"taxonomy":"product_tag","embeddable":true,"href":"https:\/\/privacy-pieces.com\/en\/wp-json\/wp\/v2\/product_tag?post=3149"}],"curies":[{"name":"wp","href":"https:\/\/api.w.org\/{rel}","templated":true}]}}