{"id":3246,"date":"2026-01-18T14:54:33","date_gmt":"2026-01-18T14:54:33","guid":{"rendered":"https:\/\/privacy-pieces.com\/?post_type=product&#038;p=3246"},"modified":"2026-01-18T15:05:57","modified_gmt":"2026-01-18T15:05:57","slug":"logicals-1-mittel-bis-schwer-von-stefan-heine","status":"publish","type":"product","link":"https:\/\/privacy-pieces.com\/en\/product\/logicals-1-mittel-bis-schwer-von-stefan-heine\/","title":{"rendered":"Logic Puzzles 1 \u2014 medium to difficult by Stefan Heine"},"content":{"rendered":"<h2 class=\"entry-title mkdf-post-title\"><span style=\"font-size: 16px;\">Mehr feine Logikr\u00e4tsel f\u00fcr h\u00f6chsten Genuss<\/span><\/h2>\n<div class=\"wpb-content-wrapper\">\n<div class=\"vc_row wpb_row vc_row-fluid\">\n<div class=\"wpb_column vc_column_container vc_col-sm-12\">\n<div class=\"vc_column-inner\">\n<div class=\"wpb_wrapper\">\n<div class=\"wpb_text_column wpb_content_element\">\n<div class=\"wpb_wrapper\">\n<p>Logic puzzles are addictive and fun, but above all, they let us immerse ourselves and forget everything around us. Hardly any other puzzle provides such a flow in the fight against worries and troubles. Logic puzzles not only make you think logically, they also transport you to ever-changing stories. Never before in this series has a sequel with further challenges been released so quickly, and so volume 56, \"Logic Puzzles 1,\" contains another 125 beautifully crafted puzzles of the highest quality.<\/p>\n<\/div>\n<\/div>\n<div class=\"wpb_text_column wpb_content_element\">\n<div class=\"wpb_wrapper\">\n<h2>About the author<\/h2>\n<p>Stefan Heine is a passionate puzzle creator, and has been for almost 30 years. Thousands of books, calendars, magazines, and much more bear his name, not only in Germany. He has been creating Sudoku puzzles since 1999 and is largely responsible for their success in Germany. Whether in newspapers, radio, TV, podcasts, Facebook, YouTube, Instagram, or TikTok, the puzzles by Germany's most famous puzzle creator are solved hundreds of thousands of times daily. In this series, Heine collects his most beautiful puzzles\u2014for connoisseurs and enthusiasts alike.<\/p>\n<hr \/>\n<h2>Blurb<\/h2>\n<p>Who owns the fish? Albert Einstein claimed that 98% of people couldn't answer this question. It comes from a logic puzzle he wrote, a riddle like the 125 tricky problems in this book. Except here, you'll find various levels of difficulty, and none of them are so hard that almost all of humanity would be out of luck. Logic puzzles combine stories with riddles, without requiring any prior knowledge. It's all about pure logic, and therein lies the unique appeal of these wonderful puzzles.<\/p>\n<hr \/>\n<p>Stefan Heine's Puzzle Library: Stefan Heine is Germany's most famous puzzle creator. The \"Heine's Puzzle Library\" book series has been continuously expanded since 2006 and contains a selection of high-quality puzzles, always crafted to the highest standards \u2013 top-notch brain training! This series now comprises 56 volumes \u2013 including, exclusively, all the puzzles from the major worldwide championships. Naturally, each puzzle has only one possible solution. A unique feature of this series is the placement of the solutions. In almost every volume, they are always found two pages later than the corresponding puzzle. This eliminates tedious searching and page-flipping.<\/p>\n<\/div>\n<\/div>\n<\/div>\n<\/div>\n<\/div>\n<\/div>\n<\/div>","protected":false},"excerpt":{"rendered":"<h2 class=\"entry-title mkdf-post-title\">Logic Puzzles 1 \u2014 medium to difficult<\/h2>\n<div class=\"wpb-content-wrapper\">\n<div class=\"vc_row wpb_row vc_row-fluid\">\n<div class=\"wpb_column vc_column_container vc_col-sm-12\">\n<div class=\"vc_column-inner\">\n<div class=\"wpb_wrapper\">\n<div class=\"wpb_text_column wpb_content_element\">\n<div class=\"wpb_wrapper\">\n<h2>The finest logic puzzles for ultimate enjoyment<\/h2>\n<p>Who owns the fish? Albert Einstein claimed that 98% of people couldn't answer this question. It comes from a logic puzzle he wrote, a riddle like the 125 tricky problems in this book. Except here, you'll find various levels of difficulty, and none of them are so hard that almost all of humanity would be out of luck. Logic puzzles combine stories with riddles, without requiring any prior knowledge. It's all about pure logic, and therein lies the unique appeal of these wonderful puzzles.<\/p>\n<\/div>\n<\/div>\n<\/div>\n<\/div>\n<\/div>\n<\/div>\n<\/div>","protected":false},"featured_media":3247,"template":"","meta":[],"product_brand":[],"product_cat":[175],"product_tag":[],"class_list":{"0":"post-3246","1":"product","2":"type-product","3":"status-publish","4":"has-post-thumbnail","6":"product_cat-literatur","8":"first","9":"instock","10":"taxable","11":"shipping-taxable","12":"purchasable","13":"product-type-simple"},"_links":{"self":[{"href":"https:\/\/privacy-pieces.com\/en\/wp-json\/wp\/v2\/product\/3246","targetHints":{"allow":["GET"]}}],"collection":[{"href":"https:\/\/privacy-pieces.com\/en\/wp-json\/wp\/v2\/product"}],"about":[{"href":"https:\/\/privacy-pieces.com\/en\/wp-json\/wp\/v2\/types\/product"}],"wp:featuredmedia":[{"embeddable":true,"href":"https:\/\/privacy-pieces.com\/en\/wp-json\/wp\/v2\/media\/3247"}],"wp:attachment":[{"href":"https:\/\/privacy-pieces.com\/en\/wp-json\/wp\/v2\/media?parent=3246"}],"wp:term":[{"taxonomy":"product_brand","embeddable":true,"href":"https:\/\/privacy-pieces.com\/en\/wp-json\/wp\/v2\/product_brand?post=3246"},{"taxonomy":"product_cat","embeddable":true,"href":"https:\/\/privacy-pieces.com\/en\/wp-json\/wp\/v2\/product_cat?post=3246"},{"taxonomy":"product_tag","embeddable":true,"href":"https:\/\/privacy-pieces.com\/en\/wp-json\/wp\/v2\/product_tag?post=3246"}],"curies":[{"name":"wp","href":"https:\/\/api.w.org\/{rel}","templated":true}]}}