{"id":3310,"date":"2026-02-01T10:51:54","date_gmt":"2026-02-01T10:51:54","guid":{"rendered":"https:\/\/privacy-pieces.com\/?post_type=product&#038;p=3310"},"modified":"2026-02-18T10:42:56","modified_gmt":"2026-02-18T10:42:56","slug":"gigaset-gl-595","status":"publish","type":"product","link":"https:\/\/privacy-pieces.com\/en\/product\/gigaset-gl-595\/","title":{"rendered":"Gigaset GL 595"},"content":{"rendered":"<ul>\n<li>Gro\u00dfe Anzeige 2,8&#8220; TFT-Farbdisplay<\/li>\n<li>Einfache Bedienung durch gro\u00dfe Tasten und Schrift<\/li>\n<li>Bedieneroberfl\u00e4che ist speziell f\u00fcr Senioren optimiert<\/li>\n<li>SOS-Notruftaste<\/li>\n<li>Speziell zugewiesene Tasten: Tastensperre, Taschenlampe und drei Direktwahltasten<\/li>\n<li>Einfaches Aufladen: Ladestation und USB Typ-C<\/li>\n<li>Blockierungsliste damit gesperrte Rufnummern nicht mehr anrufen k\u00f6nnen<\/li>\n<li>Vertrauensliste damit nur Freunde und Familie anrufen k\u00f6nnen<\/li>\n<li>IP44-zertifiziert<\/li>\n<li>Kunststofffreie Verpackung<\/li>\n<\/ul>","protected":false},"excerpt":{"rendered":"<p>Gro\u00dfe Anzeige 2,8&#8220; TFT-Farbdisplay Einfache Bedienung durch gro\u00dfe Tasten und Schrift Bedieneroberfl\u00e4che ist speziell f\u00fcr Senioren optimiert SOS-Notruftaste Speziell zugewiesene Tasten: Tastensperre, Taschenlampe und drei Direktwahltasten Einfaches Aufladen: Ladestation und USB Typ-C Blockierungsliste damit gesperrte Rufnummern nicht mehr anrufen k\u00f6nnen Vertrauensliste damit nur Freunde und Familie anrufen k\u00f6nnen IP44-zertifiziert Kunststofffreie Verpackung<\/p>","protected":false},"featured_media":3331,"template":"","meta":[],"product_brand":[187],"product_cat":[184,182,183,89],"product_tag":[],"class_list":{"0":"post-3310","1":"product","2":"type-product","3":"status-publish","4":"has-post-thumbnail","6":"product_brand-gigaset","7":"product_cat-dumbphones","8":"product_cat-kinderhandys","9":"product_cat-seniorenhandys","10":"product_cat-telefone","12":"first","13":"instock","14":"taxable","15":"shipping-taxable","16":"purchasable","17":"product-type-simple"},"_links":{"self":[{"href":"https:\/\/privacy-pieces.com\/en\/wp-json\/wp\/v2\/product\/3310","targetHints":{"allow":["GET"]}}],"collection":[{"href":"https:\/\/privacy-pieces.com\/en\/wp-json\/wp\/v2\/product"}],"about":[{"href":"https:\/\/privacy-pieces.com\/en\/wp-json\/wp\/v2\/types\/product"}],"wp:featuredmedia":[{"embeddable":true,"href":"https:\/\/privacy-pieces.com\/en\/wp-json\/wp\/v2\/media\/3331"}],"wp:attachment":[{"href":"https:\/\/privacy-pieces.com\/en\/wp-json\/wp\/v2\/media?parent=3310"}],"wp:term":[{"taxonomy":"product_brand","embeddable":true,"href":"https:\/\/privacy-pieces.com\/en\/wp-json\/wp\/v2\/product_brand?post=3310"},{"taxonomy":"product_cat","embeddable":true,"href":"https:\/\/privacy-pieces.com\/en\/wp-json\/wp\/v2\/product_cat?post=3310"},{"taxonomy":"product_tag","embeddable":true,"href":"https:\/\/privacy-pieces.com\/en\/wp-json\/wp\/v2\/product_tag?post=3310"}],"curies":[{"name":"wp","href":"https:\/\/api.w.org\/{rel}","templated":true}]}}