{"id":3347,"date":"2026-02-20T21:24:43","date_gmt":"2026-02-20T21:24:43","guid":{"rendered":"https:\/\/privacy-pieces.com\/?post_type=product&#038;p=3347"},"modified":"2026-02-20T21:25:43","modified_gmt":"2026-02-20T21:25:43","slug":"nokia-230-white-2024","status":"publish","type":"product","link":"https:\/\/privacy-pieces.com\/en\/product\/nokia-230-white-2024\/","title":{"rendered":"Nokia 230 White (2024)"},"content":{"rendered":"<div class=\"layout-row ng-scope\">\n<div class=\"layout-col col100 bold ng-binding\">\n<p>Machen Sie Fotos und bleiben Sie unterhalten mit diesem robusten, stilvollen, wiedergeborenen Klassiker. Lernen Sie den neu aufgelegten Klassiker kennen, der Haltbarkeit mit Stil verbindet. Das Nokia 230 besticht durch ein Aluminium-Finish, das sich hochwertig anf\u00fchlt und aussieht. Der Akku erm\u00f6glicht stundenlange Telefonate, Nachrichten, Spiele und Musik. Halten Sie Ihr L\u00e4cheln oder alles, was Sie gl\u00fccklich macht, mit der Front- und R\u00fcckkamera fest, beide ausgestattet mit LED-Blitz.<\/p>\n<p>Wenn etwas so gut aussieht, k\u00f6nnten Sie versucht sein, es wegzulegen und sicher aufzubewahren. Das ist nicht n\u00f6tig. Mit seiner sandgestrahlten Aluminiumr\u00fcckseite, die nahtlos um die Seiten gewickelt ist, ist das Nokia 230 genauso langlebig wie stilvoll. Dr\u00fccken Sie die dedizierte Selfie-Kamera-Taste, um die Frontkamera zu aktivieren. Es gibt auch eine R\u00fcckkamera, und beide haben LED-Blitz, also legen Sie los.<\/p>\n<p>Laden Sie ab und zu, nicht jeden Tag. Das Nokia 230 h\u00e4lt Sie l\u00e4nger verbunden mit einem 1450 mAh Akku, der wochenlang im Standby-Modus durchh\u00e4lt. Machen Sie eine Pause und schalten Sie das FM-Radio ein. Lust auf eine Herausforderung? Starten Sie einige Spiele, einschlie\u00dflich des legend\u00e4ren Snake.<\/p>\n<p>Wenn es wichtig ist, werden sie anrufen oder eine Nachricht schreiben. Entfernen Sie die heutigen Benachrichtigungen von Likes, Shares und Kommentaren, und was \u00fcbrig bleibt, sind Gespr\u00e4che mit den Menschen, die Ihnen am wichtigsten sind.<\/p>\n<\/div>\n<\/div>\n<div class=\"spacer\"><\/div>\n<div class=\"layout-row ng-scope\">\n<div class=\"layout-col col100 ng-scope\">\n<div class=\"bold ng-binding\">Highlights<\/div>\n<div class=\"mt-5\">\n<ul>\n<li class=\"ng-binding ng-scope\">7,11 cm (2,8 Zoll) QVGA IPS Display<\/li>\n<li class=\"ng-binding ng-scope\">2 MP Front- und Hauptkamera mit LED-Blitzlicht<\/li>\n<li class=\"ng-binding ng-scope\">8 MB RAM und 16 MB interner Speicher, erweiterbar um bis zu 32 GB per microSD-Karte<\/li>\n<li class=\"ng-binding ng-scope\">Bluetooth (5.0), USB-C, und 3,5 mm Klinkenanschluss<\/li>\n<li class=\"ng-binding ng-scope\">Dual-SIM<\/li>\n<li class=\"ng-binding ng-scope\">Bis zu 27 Tage Standby<\/li>\n<\/ul>\n<div class=\"spacer\"><\/div>\n<\/div>\n<\/div>\n<\/div>\n<div class=\"layout-row ng-scope\">\n<div class=\"layout-col col100 ng-scope\">\n<div class=\"bold ng-binding\">Lieferumfang<\/div>\n<ul>\n<li><span class=\"ng-binding\">Nokia 230 (2024), Akku, Ladekabel, Schnellstartanleitung<\/span><\/li>\n<\/ul>\n<\/div>\n<\/div>","protected":false},"excerpt":{"rendered":"<p>Machen Sie Fotos und bleiben Sie unterhalten mit diesem robusten, stilvollen, wiedergeborenen Klassiker. Lernen Sie den neu aufgelegten Klassiker kennen, der Haltbarkeit mit Stil verbindet. Das Nokia 230 besticht durch ein Aluminium-Finish, das sich hochwertig anf\u00fchlt und aussieht. Der Akku erm\u00f6glicht stundenlange Telefonate, Nachrichten, Spiele und Musik. Halten Sie Ihr L\u00e4cheln oder alles, was Sie<\/p>\n<div class=\"klb-readmore post-buttons\"><a class=\"btn btn-black btn-rounded\" href=\"https:\/\/privacy-pieces.com\/en\/product\/nokia-230-white-2024\/\">Read More <i class=\"klbth-icon-right-arrow\"><\/i><\/a><\/div>","protected":false},"featured_media":3363,"template":"","meta":[],"product_brand":[163],"product_cat":[184,182,89],"product_tag":[],"class_list":{"0":"post-3347","1":"product","2":"type-product","3":"status-publish","4":"has-post-thumbnail","6":"product_brand-nokia","7":"product_cat-dumbphones","8":"product_cat-kinderhandys","9":"product_cat-telefone","11":"first","12":"instock","13":"taxable","14":"shipping-taxable","15":"purchasable","16":"product-type-simple"},"_links":{"self":[{"href":"https:\/\/privacy-pieces.com\/en\/wp-json\/wp\/v2\/product\/3347","targetHints":{"allow":["GET"]}}],"collection":[{"href":"https:\/\/privacy-pieces.com\/en\/wp-json\/wp\/v2\/product"}],"about":[{"href":"https:\/\/privacy-pieces.com\/en\/wp-json\/wp\/v2\/types\/product"}],"wp:featuredmedia":[{"embeddable":true,"href":"https:\/\/privacy-pieces.com\/en\/wp-json\/wp\/v2\/media\/3363"}],"wp:attachment":[{"href":"https:\/\/privacy-pieces.com\/en\/wp-json\/wp\/v2\/media?parent=3347"}],"wp:term":[{"taxonomy":"product_brand","embeddable":true,"href":"https:\/\/privacy-pieces.com\/en\/wp-json\/wp\/v2\/product_brand?post=3347"},{"taxonomy":"product_cat","embeddable":true,"href":"https:\/\/privacy-pieces.com\/en\/wp-json\/wp\/v2\/product_cat?post=3347"},{"taxonomy":"product_tag","embeddable":true,"href":"https:\/\/privacy-pieces.com\/en\/wp-json\/wp\/v2\/product_tag?post=3347"}],"curies":[{"name":"wp","href":"https:\/\/api.w.org\/{rel}","templated":true}]}}