{"id":3387,"date":"2026-04-26T08:38:23","date_gmt":"2026-04-26T08:38:23","guid":{"rendered":"https:\/\/privacy-pieces.com\/?post_type=product&#038;p=3387"},"modified":"2026-04-26T08:39:14","modified_gmt":"2026-04-26T08:39:14","slug":"notizblock-wuerfel-gaudi-mit-wuerfel","status":"publish","type":"product","link":"https:\/\/privacy-pieces.com\/en\/product\/notizblock-wuerfel-gaudi-mit-wuerfel\/","title":{"rendered":"Notizblock &#8211; W\u00fcrfel-Gaudi mit W\u00fcrfel"},"content":{"rendered":"<p>W\u00fcrfelblock nach dem bekannten Kniffel\u00ae-Spielprinzip mit 5 neonfarbenen W\u00fcrfeln.<\/p>\n<p>EAN4049574042012<\/p>\n<p>FormatThe Note(pad) 11,5 x 16,5<\/p>\n<p>Produkt: Notizbl\u00f6cke<\/p>\n<p>Verarbeitung: Leimbindung<\/p>","protected":false},"excerpt":{"rendered":"<p>Der W\u00fcrfelblock-Klassiker mit bayerischem Flair im Set mit 5 passenden, neonfarbenen W\u00fcrfeln. \u00dcbersichtlich gestaltet, leicht zum Ausf\u00fcllen und perfekt abgestimmt auf z\u00fcnftige W\u00fcrfelrunden. Egal ob Jung oder Alt, Gelegenheitsspieler oder echter W\u00fcrfelprofi \u2013 dieser Block sorgt f\u00fcr garantiert f\u00fcr eine \u201eW\u00fcrfel-Gaudi\u201c. W\u00fcrfel raus, Block her und los geht\u2019s! Perfekt als Geschenk, Mitbringsel oder f\u00fcr den eigenen Spieleschrank.<\/p>","protected":false},"featured_media":3408,"template":"","meta":[],"product_brand":[198],"product_cat":[80],"product_tag":[],"class_list":{"0":"post-3387","1":"product","2":"type-product","3":"status-publish","4":"has-post-thumbnail","6":"product_brand-gmund","7":"product_cat-lowtech","9":"first","10":"instock","11":"taxable","12":"shipping-taxable","13":"purchasable","14":"product-type-simple"},"_links":{"self":[{"href":"https:\/\/privacy-pieces.com\/en\/wp-json\/wp\/v2\/product\/3387","targetHints":{"allow":["GET"]}}],"collection":[{"href":"https:\/\/privacy-pieces.com\/en\/wp-json\/wp\/v2\/product"}],"about":[{"href":"https:\/\/privacy-pieces.com\/en\/wp-json\/wp\/v2\/types\/product"}],"wp:featuredmedia":[{"embeddable":true,"href":"https:\/\/privacy-pieces.com\/en\/wp-json\/wp\/v2\/media\/3408"}],"wp:attachment":[{"href":"https:\/\/privacy-pieces.com\/en\/wp-json\/wp\/v2\/media?parent=3387"}],"wp:term":[{"taxonomy":"product_brand","embeddable":true,"href":"https:\/\/privacy-pieces.com\/en\/wp-json\/wp\/v2\/product_brand?post=3387"},{"taxonomy":"product_cat","embeddable":true,"href":"https:\/\/privacy-pieces.com\/en\/wp-json\/wp\/v2\/product_cat?post=3387"},{"taxonomy":"product_tag","embeddable":true,"href":"https:\/\/privacy-pieces.com\/en\/wp-json\/wp\/v2\/product_tag?post=3387"}],"curies":[{"name":"wp","href":"https:\/\/api.w.org\/{rel}","templated":true}]}}