{"id":3389,"date":"2026-04-26T06:56:48","date_gmt":"2026-04-26T06:56:48","guid":{"rendered":"https:\/\/privacy-pieces.com\/?post_type=product&#038;p=3389"},"modified":"2026-04-26T06:56:48","modified_gmt":"2026-04-26T06:56:48","slug":"off-the-grid-75-forest","status":"publish","type":"product","link":"https:\/\/privacy-pieces.com\/en\/product\/off-the-grid-75-forest\/","title":{"rendered":"Off-The-Grid 7,5 &#8211; forest"},"content":{"rendered":"<p style=\"font-weight: 400;\">Farbe\u00a0\u00a0 Dunkelgr\u00fcn<\/p>\n<p style=\"font-weight: 400;\">Artikelgruppe NOTIZBLOCK<\/p>\n<p style=\"font-weight: 400;\">Bindung\u00a0\u00a0\u00a0\u00a0\u00a0\u00a0\u00a0\u00a0\u00a0\u00a0\u00a0\u00a0\u00a0 Klebebindung<\/p>\n<p style=\"font-weight: 400;\">EAN\u00a0\u00a0\u00a0\u00a0\u00a0\u00a0 4049574040872<\/p>\n<p style=\"font-weight: 400;\">Format\u00a0\u00a0\u00a0\u00a0\u00a0\u00a0\u00a0\u00a0\u00a0\u00a0\u00a0\u00a0\u00a0\u00a0\u00a0\u00a0 180 x 240 mm<\/p>\n<p style=\"font-weight: 400;\">Schreibraster kariert<\/p>\n<p style=\"font-weight: 400;\">Oberfl\u00e4chenbeschreibung\u00a0\u00a0\u00a0 Matt<\/p>\n<p style=\"font-weight: 400;\">Verarbeitung\u00a0\u00a0 Leimbindung<\/p>\n<p style=\"font-weight: 400;\">Zertifikate\u00a0\u00a0\u00a0\u00a0\u00a0\u00a0\u00a0\u00a0\u00a0 FSC\u00ae zertifiziert<\/p>","protected":false},"excerpt":{"rendered":"<p>Unser hochwertiger Notizblock bietet eine ideale Kombination aus Funktionalit\u00e4t und \u00c4sthetik. Hergestellt aus reinem Gmund Papier und einseitig verleimt, besticht er durch sein klares, symmetrisches Design sowie ein innovatives Karo-Raster. Das Grid-Raster unterst\u00fctzt sowohl kreatives als auch strukturiertes Arbeiten und bietet damit maximale Flexibilit\u00e4t. Der Block umfasst 150 Innenseiten aus mattem Naturpapier, das aus Pflanzenfasern besteht, \u00f6kologisch ist und recycelt werden kann. Neben seiner praktischen Anwendung ist der Notizblock auch ein Design Must-Have. Erh\u00e4ltlich in drei aufeinander abgestimmten Gr\u00f6\u00dfen \u2013 Made in Germany!<\/p>","protected":false},"featured_media":3401,"template":"","meta":[],"product_brand":[198],"product_cat":[80],"product_tag":[],"class_list":{"0":"post-3389","1":"product","2":"type-product","3":"status-publish","4":"has-post-thumbnail","6":"product_brand-gmund","7":"product_cat-lowtech","9":"first","10":"instock","11":"taxable","12":"shipping-taxable","13":"purchasable","14":"product-type-simple"},"_links":{"self":[{"href":"https:\/\/privacy-pieces.com\/en\/wp-json\/wp\/v2\/product\/3389","targetHints":{"allow":["GET"]}}],"collection":[{"href":"https:\/\/privacy-pieces.com\/en\/wp-json\/wp\/v2\/product"}],"about":[{"href":"https:\/\/privacy-pieces.com\/en\/wp-json\/wp\/v2\/types\/product"}],"wp:featuredmedia":[{"embeddable":true,"href":"https:\/\/privacy-pieces.com\/en\/wp-json\/wp\/v2\/media\/3401"}],"wp:attachment":[{"href":"https:\/\/privacy-pieces.com\/en\/wp-json\/wp\/v2\/media?parent=3389"}],"wp:term":[{"taxonomy":"product_brand","embeddable":true,"href":"https:\/\/privacy-pieces.com\/en\/wp-json\/wp\/v2\/product_brand?post=3389"},{"taxonomy":"product_cat","embeddable":true,"href":"https:\/\/privacy-pieces.com\/en\/wp-json\/wp\/v2\/product_cat?post=3389"},{"taxonomy":"product_tag","embeddable":true,"href":"https:\/\/privacy-pieces.com\/en\/wp-json\/wp\/v2\/product_tag?post=3389"}],"curies":[{"name":"wp","href":"https:\/\/api.w.org\/{rel}","templated":true}]}}