{"id":3413,"date":"2026-05-07T09:39:12","date_gmt":"2026-05-07T09:39:12","guid":{"rendered":"https:\/\/privacy-pieces.com\/?post_type=product&#038;p=3413"},"modified":"2026-05-07T09:44:36","modified_gmt":"2026-05-07T09:44:36","slug":"no-signal-sleeve-keyfob-faraday-huelle-fuer-autoschluessel","status":"publish","type":"product","link":"https:\/\/privacy-pieces.com\/en\/product\/no-signal-sleeve-keyfob-faraday-huelle-fuer-autoschluessel\/","title":{"rendered":"No Signal Sleeve KeyFob | Faraday-H\u00fclle f\u00fcr Autoschl\u00fcssel"},"content":{"rendered":"<p data-start=\"806\" data-end=\"1125\">Die\u00a0<strong data-start=\"1157\" data-end=\"1184\">No Signal Sleeve KeyFob<\/strong> ist die kompakte Version der TOCA Signalblockierungs-H\u00fcllen f\u00fcr Autoschl\u00fcssel und Key Fobs. Sie wurde daf\u00fcr entwickelt, drahtlose Kommunikation zu unterbrechen, sobald sich der Schl\u00fcssel vollst\u00e4ndig in der H\u00fclle befindet.<\/p>\n<p data-start=\"1408\" data-end=\"1694\">Dabei blockiert sie NFC-, RFID-, Bluetooth-, GPS-, Wi-Fi-, 3G-, 4G- und 5G-Signale. Das macht sie besonders sinnvoll f\u00fcr Keyless-Go-Autoschl\u00fcssel, Reisen, Alltag und Situationen, in denen Sie Ihren Schl\u00fcssel bewusst abgeschirmt aufbewahren m\u00f6chten.<\/p>\n<p data-start=\"1696\" data-end=\"2112\">F\u00fcr den t\u00e4glichen Einsatz entwickelt, verbindet sie ein kompaktes Format mit einer wasserabweisenden Au\u00dfenschicht aus Fallschirmseide und einem leitf\u00e4higen Abschirmmaterial aus Deutschland. Bei Nichtgebrauch kann die H\u00fclle aufgerollt und als Schl\u00fcsselanh\u00e4nger verwendet werden. Sie wird in TOCAs eigener Fabrik in Bali produziert und aus recyceltem Fallschirmmaterial gefertigt.<\/p>\n<p data-start=\"2114\" data-end=\"2198\"><strong data-start=\"2114\" data-end=\"2139\">Maximale Ger\u00e4tegr\u00f6\u00dfe:<\/strong><br data-start=\"2139\" data-end=\"2142\" \/>8,0 \u00d7 4,0 \u00d7 2,0 cm<\/p>\n<p data-start=\"2200\" data-end=\"2221\"><strong data-start=\"2200\" data-end=\"2219\">Kompatibel mit:<\/strong><\/p>\n<ul data-start=\"2222\" data-end=\"2332\">\n<li data-section-id=\"1z09svc\" data-start=\"2222\" data-end=\"2240\">Autoschl\u00fcsseln<\/li>\n<li data-section-id=\"1jnwohd\" data-start=\"2241\" data-end=\"2266\">Keyless-Go-Schl\u00fcsseln<\/li>\n<li data-section-id=\"17o2vc7\" data-start=\"2267\" data-end=\"2279\">Key Fobs<\/li>\n<li data-section-id=\"y63e0y\" data-start=\"2280\" data-end=\"2332\">kleineren Funkger\u00e4ten innerhalb der Maximalgr\u00f6\u00dfe<\/li>\n<\/ul>\n<p data-start=\"2334\" data-end=\"2359\"><strong data-start=\"2334\" data-end=\"2357\">Wichtigste Merkmale<\/strong><\/p>\n<ul data-start=\"2360\" data-end=\"2899\">\n<li data-section-id=\"ctaxmy\" data-start=\"2360\" data-end=\"2408\">Faraday-H\u00fclle f\u00fcr Autoschl\u00fcssel und Key Fobs<\/li>\n<li data-section-id=\"1etzkex\" data-start=\"2409\" data-end=\"2472\">Entwickelt f\u00fcr Privatsph\u00e4re und Signalblockierung im Alltag<\/li>\n<li data-section-id=\"1y24h9r\" data-start=\"2473\" data-end=\"2551\">Blockiert Funksignale, sobald der Schl\u00fcssel vollst\u00e4ndig eingeschlossen ist<\/li>\n<li data-section-id=\"6qbk9u\" data-start=\"2552\" data-end=\"2610\">Praktisch aufrollbar und als Schl\u00fcsselanh\u00e4nger nutzbar<\/li>\n<li data-section-id=\"smvo1i\" data-start=\"2611\" data-end=\"2664\">Wasserabweisende Au\u00dfenschicht aus Fallschirmseide<\/li>\n<li data-section-id=\"1q8q7gw\" data-start=\"2665\" data-end=\"2713\">Leitf\u00e4higes Abschirmmaterial aus Deutschland<\/li>\n<li data-section-id=\"1hkx7vh\" data-start=\"2714\" data-end=\"2763\">Hergestellt aus recyceltem Fallschirmmaterial<\/li>\n<li data-section-id=\"1erourb\" data-start=\"2764\" data-end=\"2807\">Fair produziert in TOCAs eigener Fabrik<\/li>\n<li data-section-id=\"1picmba\" data-start=\"2808\" data-end=\"2899\">DEKRA-zertifiziert, Nr. 73153RNF.001 vom 2022-12-05<\/li>\n<\/ul>\n<p data-start=\"2901\" data-end=\"2920\"><strong data-start=\"2901\" data-end=\"2918\">Gut zu wissen<\/strong><\/p>\n<ul data-start=\"2921\" data-end=\"3252\">\n<li data-section-id=\"1xg950b\" data-start=\"2921\" data-end=\"3029\">Die vollst\u00e4ndige Signalblockierung funktioniert, wenn sich der Schl\u00fcssel komplett in der H\u00fclle befindet.<\/li>\n<li data-section-id=\"dmjulq\" data-start=\"3030\" data-end=\"3113\">Die H\u00fclle ist f\u00fcr Autoschl\u00fcssel und Key Fobs konzipiert, nicht f\u00fcr Smartphones.<\/li>\n<li data-section-id=\"la8l8e\" data-start=\"3114\" data-end=\"3252\">Durch das kompakte Format eignet sie sich besonders f\u00fcr Alltag, Reisen und Aufbewahrung unterwegs.<\/li>\n<\/ul>","protected":false},"excerpt":{"rendered":"<p>Eine kompakte Faraday-H\u00fclle f\u00fcr Autoschl\u00fcssel \u2013 entwickelt f\u00fcr Privatsph\u00e4re, Signalblockierung und den Schutz vor kontaktloser Kommunikation bei Keyless-Go-Schl\u00fcsseln. Sobald sich der Schl\u00fcssel vollst\u00e4ndig in der H\u00fclle befindet, werden Funksignale blockiert.<\/p>","protected":false},"featured_media":3421,"template":"","meta":[],"product_brand":[200],"product_cat":[86,88],"product_tag":[],"class_list":{"0":"post-3413","1":"product","2":"type-product","3":"status-publish","4":"has-post-thumbnail","6":"product_brand-toca","7":"product_cat-telefonzubehor","8":"product_cat-hullen","10":"first","11":"instock","12":"taxable","13":"shipping-taxable","14":"purchasable","15":"product-type-simple"},"_links":{"self":[{"href":"https:\/\/privacy-pieces.com\/en\/wp-json\/wp\/v2\/product\/3413","targetHints":{"allow":["GET"]}}],"collection":[{"href":"https:\/\/privacy-pieces.com\/en\/wp-json\/wp\/v2\/product"}],"about":[{"href":"https:\/\/privacy-pieces.com\/en\/wp-json\/wp\/v2\/types\/product"}],"wp:featuredmedia":[{"embeddable":true,"href":"https:\/\/privacy-pieces.com\/en\/wp-json\/wp\/v2\/media\/3421"}],"wp:attachment":[{"href":"https:\/\/privacy-pieces.com\/en\/wp-json\/wp\/v2\/media?parent=3413"}],"wp:term":[{"taxonomy":"product_brand","embeddable":true,"href":"https:\/\/privacy-pieces.com\/en\/wp-json\/wp\/v2\/product_brand?post=3413"},{"taxonomy":"product_cat","embeddable":true,"href":"https:\/\/privacy-pieces.com\/en\/wp-json\/wp\/v2\/product_cat?post=3413"},{"taxonomy":"product_tag","embeddable":true,"href":"https:\/\/privacy-pieces.com\/en\/wp-json\/wp\/v2\/product_tag?post=3413"}],"curies":[{"name":"wp","href":"https:\/\/api.w.org\/{rel}","templated":true}]}}